{"id":2177,"date":"2025-09-04T16:03:46","date_gmt":"2025-09-04T16:03:46","guid":{"rendered":"https:\/\/zemihotelcappadocia.com\/?page_id=2177"},"modified":"2025-09-04T16:21:46","modified_gmt":"2025-09-04T16:21:46","slug":"blog","status":"publish","type":"page","link":"https:\/\/zemihotelcappadocia.com\/tr\/blog\/","title":{"rendered":"Blog"},"content":{"rendered":"\t\t<div data-elementor-type=\"wp-page\" data-elementor-id=\"2177\" class=\"elementor elementor-2177\" data-elementor-post-type=\"page\">\n\t\t\t\t<div class=\"elementor-element elementor-element-e245ab0 e-flex e-con-boxed e-con e-parent\" data-id=\"e245ab0\" data-element_type=\"container\">\n\t\t\t\t\t<div class=\"e-con-inner\">\n\t\t\t\t<div class=\"elementor-element elementor-element-3e169b5 elementor-grid-3 elementor-grid-tablet-2 elementor-grid-mobile-1 elementor-widget elementor-widget-portfolio\" data-id=\"3e169b5\" data-element_type=\"widget\" data-settings=\"{&quot;columns&quot;:&quot;3&quot;,&quot;columns_tablet&quot;:&quot;2&quot;,&quot;columns_mobile&quot;:&quot;1&quot;,&quot;item_ratio&quot;:{&quot;unit&quot;:&quot;px&quot;,&quot;size&quot;:0.66,&quot;sizes&quot;:[]},&quot;item_gap&quot;:{&quot;unit&quot;:&quot;px&quot;,&quot;size&quot;:&quot;&quot;,&quot;sizes&quot;:[]},&quot;row_gap&quot;:{&quot;unit&quot;:&quot;px&quot;,&quot;size&quot;:&quot;&quot;,&quot;sizes&quot;:[]}}\" data-widget_type=\"portfolio.default\">\n\t\t\t\t<div class=\"elementor-widget-container\">\n\t\t\t\t\t\t\t<div class=\"elementor-portfolio elementor-grid elementor-posts-container\">\n\t\t\t\t<article class=\"elementor-portfolio-item elementor-post  post-2570 post type-post status-publish format-standard has-post-thumbnail hentry category-blog-2\">\n\t\t\t<a class=\"elementor-post__thumbnail__link\" href=\"https:\/\/zemihotelcappadocia.com\/tr\/goreme-balon-manzarali-otel-zemi-hotel-cappadocia\/\">\n\t\t\t\t<div class=\"elementor-portfolio-item__img elementor-post__thumbnail\">\n\t\t\t<img fetchpriority=\"high\" decoding=\"async\" width=\"300\" height=\"200\" src=\"https:\/\/zemihotelcappadocia.com\/wp-content\/uploads\/2025\/02\/yuzmehavuzu-300x200.jpeg\" class=\"attachment-medium size-medium wp-image-1444\" alt=\"G\u00f6reme Balon Manzaral\u0131 Otel | Zemi Hotel Cappadocia\" srcset=\"https:\/\/zemihotelcappadocia.com\/wp-content\/uploads\/2025\/02\/yuzmehavuzu-300x200.jpeg 300w, https:\/\/zemihotelcappadocia.com\/wp-content\/uploads\/2025\/02\/yuzmehavuzu-1024x682.jpeg 1024w, https:\/\/zemihotelcappadocia.com\/wp-content\/uploads\/2025\/02\/yuzmehavuzu-768x512.jpeg 768w, https:\/\/zemihotelcappadocia.com\/wp-content\/uploads\/2025\/02\/yuzmehavuzu-1536x1023.jpeg 1536w, https:\/\/zemihotelcappadocia.com\/wp-content\/uploads\/2025\/02\/yuzmehavuzu.jpeg 1600w\" sizes=\"(max-width: 300px) 100vw, 300px\" \/>\t\t<\/div>\n\t\t\t\t<div class=\"elementor-portfolio-item__overlay\">\n\t\t\t\t<h3 class=\"elementor-portfolio-item__title\">\n\t\tG\u00f6reme Balon Manzaral\u0131 Otel | Zemi Hotel Cappadocia\t\t<\/h3>\n\t\t\t\t<\/div>\n\t\t\t\t<\/a>\n\t\t<\/article>\n\t\t\t\t<article class=\"elementor-portfolio-item elementor-post  post-2568 post type-post status-publish format-standard has-post-thumbnail hentry category-blog-2\">\n\t\t\t<a class=\"elementor-post__thumbnail__link\" href=\"https:\/\/zemihotelcappadocia.com\/tr\/kapadokya-luks-otel-zemi-hotel-cappadocia\/\">\n\t\t\t\t<div class=\"elementor-portfolio-item__img elementor-post__thumbnail\">\n\t\t\t<img decoding=\"async\" width=\"300\" height=\"169\" src=\"https:\/\/zemihotelcappadocia.com\/wp-content\/uploads\/2025\/09\/DJI_0095-300x169.jpg\" class=\"attachment-medium size-medium wp-image-2217\" alt=\"Kapadokya L\u00fcks Otel | Zemi Hotel Cappadocia\" srcset=\"https:\/\/zemihotelcappadocia.com\/wp-content\/uploads\/2025\/09\/DJI_0095-300x169.jpg 300w, https:\/\/zemihotelcappadocia.com\/wp-content\/uploads\/2025\/09\/DJI_0095-1024x576.jpg 1024w, https:\/\/zemihotelcappadocia.com\/wp-content\/uploads\/2025\/09\/DJI_0095-768x432.jpg 768w, https:\/\/zemihotelcappadocia.com\/wp-content\/uploads\/2025\/09\/DJI_0095-1536x864.jpg 1536w, https:\/\/zemihotelcappadocia.com\/wp-content\/uploads\/2025\/09\/DJI_0095-2048x1152.jpg 2048w\" sizes=\"(max-width: 300px) 100vw, 300px\" \/>\t\t<\/div>\n\t\t\t\t<div class=\"elementor-portfolio-item__overlay\">\n\t\t\t\t<h3 class=\"elementor-portfolio-item__title\">\n\t\tKapadokya L\u00fcks Otel | Zemi Hotel Cappadocia\t\t<\/h3>\n\t\t\t\t<\/div>\n\t\t\t\t<\/a>\n\t\t<\/article>\n\t\t\t\t<article class=\"elementor-portfolio-item elementor-post  post-2516 post type-post status-publish format-standard has-post-thumbnail hentry category-blog-2\">\n\t\t\t<a class=\"elementor-post__thumbnail__link\" href=\"https:\/\/zemihotelcappadocia.com\/tr\/kapadokyada-ay-isigi-yuruyusu\/\">\n\t\t\t\t<div class=\"elementor-portfolio-item__img elementor-post__thumbnail\">\n\t\t\t<img decoding=\"async\" width=\"300\" height=\"300\" src=\"https:\/\/zemihotelcappadocia.com\/wp-content\/uploads\/2025\/10\/ChatGPT-Image-13-Eki-2025-22_20_32-300x300.png\" class=\"attachment-medium size-medium wp-image-2494\" alt=\"Moon Walk in Cappadocia\" srcset=\"https:\/\/zemihotelcappadocia.com\/wp-content\/uploads\/2025\/10\/ChatGPT-Image-13-Eki-2025-22_20_32-300x300.png 300w, https:\/\/zemihotelcappadocia.com\/wp-content\/uploads\/2025\/10\/ChatGPT-Image-13-Eki-2025-22_20_32-150x150.png 150w, https:\/\/zemihotelcappadocia.com\/wp-content\/uploads\/2025\/10\/ChatGPT-Image-13-Eki-2025-22_20_32-768x768.png 768w, https:\/\/zemihotelcappadocia.com\/wp-content\/uploads\/2025\/10\/ChatGPT-Image-13-Eki-2025-22_20_32.png 1024w\" sizes=\"(max-width: 300px) 100vw, 300px\" \/>\t\t<\/div>\n\t\t\t\t<div class=\"elementor-portfolio-item__overlay\">\n\t\t\t\t<h3 class=\"elementor-portfolio-item__title\">\n\t\tKapadokya\u2019da Ay I\u015f\u0131\u011f\u0131 Y\u00fcr\u00fcy\u00fc\u015f\u00fc\t\t<\/h3>\n\t\t\t\t<\/div>\n\t\t\t\t<\/a>\n\t\t<\/article>\n\t\t\t\t<article class=\"elementor-portfolio-item elementor-post  post-2513 post type-post status-publish format-standard has-post-thumbnail hentry category-blog-2\">\n\t\t\t<a class=\"elementor-post__thumbnail__link\" href=\"https:\/\/zemihotelcappadocia.com\/tr\/kapadokyada-yapilacak-en-iyi-10-sey\/\">\n\t\t\t\t<div class=\"elementor-portfolio-item__img elementor-post__thumbnail\">\n\t\t\t<img loading=\"lazy\" decoding=\"async\" width=\"200\" height=\"300\" src=\"https:\/\/zemihotelcappadocia.com\/wp-content\/uploads\/2025\/09\/DSC08777-4-200x300.jpg\" class=\"attachment-medium size-medium wp-image-2434\" alt=\"\" srcset=\"https:\/\/zemihotelcappadocia.com\/wp-content\/uploads\/2025\/09\/DSC08777-4-200x300.jpg 200w, https:\/\/zemihotelcappadocia.com\/wp-content\/uploads\/2025\/09\/DSC08777-4-683x1024.jpg 683w, https:\/\/zemihotelcappadocia.com\/wp-content\/uploads\/2025\/09\/DSC08777-4-768x1152.jpg 768w, https:\/\/zemihotelcappadocia.com\/wp-content\/uploads\/2025\/09\/DSC08777-4-1024x1536.jpg 1024w, https:\/\/zemihotelcappadocia.com\/wp-content\/uploads\/2025\/09\/DSC08777-4-1365x2048.jpg 1365w, https:\/\/zemihotelcappadocia.com\/wp-content\/uploads\/2025\/09\/DSC08777-4-scaled.jpg 1707w\" sizes=\"(max-width: 200px) 100vw, 200px\" \/>\t\t<\/div>\n\t\t\t\t<div class=\"elementor-portfolio-item__overlay\">\n\t\t\t\t<h3 class=\"elementor-portfolio-item__title\">\n\t\tKapadokya\u2019da Yap\u0131lacak En \u0130yi 10 \u015eey\t\t<\/h3>\n\t\t\t\t<\/div>\n\t\t\t\t<\/a>\n\t\t<\/article>\n\t\t\t\t<article class=\"elementor-portfolio-item elementor-post  post-2484 post type-post status-publish format-standard has-post-thumbnail hentry category-uncategorized-tr\">\n\t\t\t<a class=\"elementor-post__thumbnail__link\" href=\"https:\/\/zemihotelcappadocia.com\/tr\/goreme-asiklar-tepesi\/\">\n\t\t\t\t<div class=\"elementor-portfolio-item__img elementor-post__thumbnail\">\n\t\t\t<img loading=\"lazy\" decoding=\"async\" width=\"300\" height=\"169\" src=\"https:\/\/zemihotelcappadocia.com\/wp-content\/uploads\/2025\/09\/Goreme-Lovers-Hill-300x169.jpg\" class=\"attachment-medium size-medium wp-image-2311\" alt=\"G\u00f6reme Lover\u2019s Hill (A\u015f\u0131klar Tepesi) | Best Viewpoint in Cappadocia\" srcset=\"https:\/\/zemihotelcappadocia.com\/wp-content\/uploads\/2025\/09\/Goreme-Lovers-Hill-300x169.jpg 300w, https:\/\/zemihotelcappadocia.com\/wp-content\/uploads\/2025\/09\/Goreme-Lovers-Hill-1024x576.jpg 1024w, https:\/\/zemihotelcappadocia.com\/wp-content\/uploads\/2025\/09\/Goreme-Lovers-Hill-768x432.jpg 768w, https:\/\/zemihotelcappadocia.com\/wp-content\/uploads\/2025\/09\/Goreme-Lovers-Hill-1536x864.jpg 1536w, https:\/\/zemihotelcappadocia.com\/wp-content\/uploads\/2025\/09\/Goreme-Lovers-Hill.jpg 1920w\" sizes=\"(max-width: 300px) 100vw, 300px\" \/>\t\t<\/div>\n\t\t\t\t<div class=\"elementor-portfolio-item__overlay\">\n\t\t\t\t<h3 class=\"elementor-portfolio-item__title\">\n\t\tG\u00f6reme A\u015f\u0131klar Tepesi\t\t<\/h3>\n\t\t\t\t<\/div>\n\t\t\t\t<\/a>\n\t\t<\/article>\n\t\t\t\t<article class=\"elementor-portfolio-item elementor-post  post-2482 post type-post status-publish format-standard has-post-thumbnail hentry category-blog-2\">\n\t\t\t<a class=\"elementor-post__thumbnail__link\" href=\"https:\/\/zemihotelcappadocia.com\/tr\/kapadokya-sicak-hava-balonlari\/\">\n\t\t\t\t<div class=\"elementor-portfolio-item__img elementor-post__thumbnail\">\n\t\t\t<img loading=\"lazy\" decoding=\"async\" width=\"300\" height=\"169\" src=\"https:\/\/zemihotelcappadocia.com\/wp-content\/uploads\/2025\/09\/DJI_0243-300x169.jpg\" class=\"attachment-medium size-medium wp-image-2306\" alt=\"Cappadocia Hot Air Balloons\" srcset=\"https:\/\/zemihotelcappadocia.com\/wp-content\/uploads\/2025\/09\/DJI_0243-300x169.jpg 300w, https:\/\/zemihotelcappadocia.com\/wp-content\/uploads\/2025\/09\/DJI_0243-1024x576.jpg 1024w, https:\/\/zemihotelcappadocia.com\/wp-content\/uploads\/2025\/09\/DJI_0243-768x432.jpg 768w, https:\/\/zemihotelcappadocia.com\/wp-content\/uploads\/2025\/09\/DJI_0243-1536x864.jpg 1536w, https:\/\/zemihotelcappadocia.com\/wp-content\/uploads\/2025\/09\/DJI_0243-2048x1152.jpg 2048w\" sizes=\"(max-width: 300px) 100vw, 300px\" \/>\t\t<\/div>\n\t\t\t\t<div class=\"elementor-portfolio-item__overlay\">\n\t\t\t\t<h3 class=\"elementor-portfolio-item__title\">\n\t\tKapadokya S\u0131cak Hava Balonlar\u0131\t\t<\/h3>\n\t\t\t\t<\/div>\n\t\t\t\t<\/a>\n\t\t<\/article>\n\t\t\t\t<\/div>\n\t\t\t\t\t\t<\/div>\n\t\t\t\t<\/div>\n\t\t\t\t\t<\/div>\n\t\t\t\t<\/div>\n\t\t\t\t<\/div>\n\t\t","protected":false},"excerpt":{"rendered":"","protected":false},"author":3,"featured_media":0,"parent":0,"menu_order":0,"comment_status":"closed","ping_status":"closed","template":"","meta":{"inline_featured_image":false,"_joinchat":[],"footnotes":""},"class_list":["post-2177","page","type-page","status-publish","hentry"],"_links":{"self":[{"href":"https:\/\/zemihotelcappadocia.com\/tr\/wp-json\/wp\/v2\/pages\/2177","targetHints":{"allow":["GET"]}}],"collection":[{"href":"https:\/\/zemihotelcappadocia.com\/tr\/wp-json\/wp\/v2\/pages"}],"about":[{"href":"https:\/\/zemihotelcappadocia.com\/tr\/wp-json\/wp\/v2\/types\/page"}],"author":[{"embeddable":true,"href":"https:\/\/zemihotelcappadocia.com\/tr\/wp-json\/wp\/v2\/users\/3"}],"replies":[{"embeddable":true,"href":"https:\/\/zemihotelcappadocia.com\/tr\/wp-json\/wp\/v2\/comments?post=2177"}],"version-history":[{"count":6,"href":"https:\/\/zemihotelcappadocia.com\/tr\/wp-json\/wp\/v2\/pages\/2177\/revisions"}],"predecessor-version":[{"id":2192,"href":"https:\/\/zemihotelcappadocia.com\/tr\/wp-json\/wp\/v2\/pages\/2177\/revisions\/2192"}],"wp:attachment":[{"href":"https:\/\/zemihotelcappadocia.com\/tr\/wp-json\/wp\/v2\/media?parent=2177"}],"curies":[{"name":"wp","href":"https:\/\/api.w.org\/{rel}","templated":true}]}}