{"id":2451,"date":"2025-09-25T10:24:19","date_gmt":"2025-09-25T10:24:19","guid":{"rendered":"https:\/\/zemihotelcappadocia.com\/?page_id=2451"},"modified":"2025-09-25T10:24:52","modified_gmt":"2025-09-25T10:24:52","slug":"kapadokyada-kokteyl-ve-sarap-dersleri","status":"publish","type":"page","link":"https:\/\/zemihotelcappadocia.com\/tr\/kapadokyada-kokteyl-ve-sarap-dersleri\/","title":{"rendered":"Kapadokya&#8217;da Kokteyl ve \u015earap Dersleri"},"content":{"rendered":"\t\t<div data-elementor-type=\"wp-page\" data-elementor-id=\"2451\" class=\"elementor elementor-2451\" data-elementor-post-type=\"page\">\n\t\t\t\t<div class=\"elementor-element elementor-element-14ab415 e-flex e-con-boxed e-con e-parent\" data-id=\"14ab415\" data-element_type=\"container\">\n\t\t\t\t\t<div class=\"e-con-inner\">\n\t\t\t\t<div class=\"elementor-element elementor-element-31028898 elementor-widget elementor-widget-text-editor\" data-id=\"31028898\" data-element_type=\"widget\" data-widget_type=\"text-editor.default\">\n\t\t\t\t<div class=\"elementor-widget-container\">\n\t\t\t\t\t\t\t\t\t<h3><strong><span dir=\"auto\" style=\"vertical-align: inherit;\">\u015earap, K\u00fclt\u00fcr ve Yarat\u0131c\u0131l\u0131\u011f\u0131n Benzersiz Bir Kar\u0131\u015f\u0131m\u0131<\/span><\/strong><\/h3>\n<span dir=\"auto\" style=\"vertical-align: inherit;\">Kapadokya&#8217;n\u0131n kalbinde, ger\u00e7ek\u00fcst\u00fc manzaralar ve kadim geleneklerle \u00e7evrili <\/span><strong><span dir=\"auto\" style=\"vertical-align: inherit;\">Zemi Hotel Cappadocia,<\/span><\/strong><span dir=\"auto\" style=\"vertical-align: inherit;\"> \u00f6zel ba\u011f\u0131nda miksoloji ve \u015farap\u00e7\u0131l\u0131k sanat\u0131n\u0131 deneyimlemek i\u00e7in e\u015fsiz bir f\u0131rsat sunuyor. <\/span><strong><span dir=\"auto\" style=\"vertical-align: inherit;\">Kapadokya&#8217;daki Kokteyl Derslerimiz, s\u0131radan bir dersten \u00e7ok daha fazlas\u0131d\u0131r; <\/span><\/strong><strong><span dir=\"auto\" style=\"vertical-align: inherit;\">yerel \u00fcz\u00fcm \u00e7e\u015fitlerine ve Kapadokya \u015farap geleneklerine<\/span><\/strong><span dir=\"auto\" style=\"vertical-align: inherit;\"> \u00f6zel bir vurgu yaparak, Anadolu lezzetlerine s\u00fcr\u00fckleyici bir yolculuktur . \u0130ster e\u015fsiz bir k\u00fclt\u00fcrel aktivite arayan bir gezgin, ister bir \u015farap tutkunu, ister sadece kokteyllere merakl\u0131 olun, bu deneyim \u00f6zg\u00fcnl\u00fc\u011f\u00fc, zarafeti ve lezzeti unutulmaz bir ortamda bir araya getiriyor.<\/span>\n\n<hr \/>\n\n<h3><strong><span dir=\"auto\" style=\"vertical-align: inherit;\">Kokteyl Dersleri \u0130\u00e7in Neden Zemi Hotel&#8217;i Se\u00e7melisiniz?<\/span><\/strong><\/h3>\n<span dir=\"auto\" style=\"vertical-align: inherit;\">Standart kokteyl at\u00f6lyelerinin aksine, derslerimiz <\/span><strong><span dir=\"auto\" style=\"vertical-align: inherit;\">\u00f6zel bir ba\u011fda<\/span><\/strong><span dir=\"auto\" style=\"vertical-align: inherit;\"> ger\u00e7ekle\u015fiyor ve yolculu\u011fun toprakla ba\u015flad\u0131\u011f\u0131 bir yolculuk. <\/span><strong><span dir=\"auto\" style=\"vertical-align: inherit;\">Kapadokya&#8217;n\u0131n \u00fcz\u00fcm ba\u011flar\u0131 y\u00fczy\u0131llard\u0131r beslenerek b\u00f6lgenin tarihini yans\u0131tan zengin ve \u00f6zg\u00fcn \u015faraplar \u00fcretiyor. Zemi Hotel&#8217;de, profesyonel miksologlar ve sommelier&#8217;ler size ad\u0131m ad\u0131m rehberlik ederek <\/span><\/strong><strong><span dir=\"auto\" style=\"vertical-align: inherit;\">Kapadokya&#8217;n\u0131n yerel \u015faraplar\u0131ndan<\/span><\/strong><span dir=\"auto\" style=\"vertical-align: inherit;\"> , bitkilerinden ve meyvelerinden ilham alan kokteyller haz\u0131rlamay\u0131 \u00f6\u011fretiyor .<\/span>\n\n<span dir=\"auto\" style=\"vertical-align: inherit;\">\u00d6nemli noktalar \u015funlard\u0131r:<\/span>\n<ul>\n \t<li><strong><span dir=\"auto\" style=\"vertical-align: inherit;\">\u00d6zel Ba\u011f Yeri<\/span><\/strong><span dir=\"auto\" style=\"vertical-align: inherit;\"> &#8211; Do\u011fan\u0131n ve \u015farap tarlalar\u0131n\u0131n ortas\u0131nda dersinizin tad\u0131n\u0131 \u00e7\u0131kar\u0131n.<\/span><\/li>\n \t<li><strong><span dir=\"auto\" style=\"vertical-align: inherit;\">Profesyonel Miksologlar<\/span><\/strong><span dir=\"auto\" style=\"vertical-align: inherit;\"> &#8211; e\u011fitimli uzmanlar, i\u00e7eriden teknikler ve k\u00fcresel trendleri payla\u015f\u0131yor.<\/span><\/li>\n \t<li><strong><span dir=\"auto\" style=\"vertical-align: inherit;\">\u015earap Odakl\u0131 Kokteyller<\/span><\/strong><span dir=\"auto\" style=\"vertical-align: inherit;\"> &#8211; Her tarifte Kapadokya&#8217;n\u0131n \u00fcz\u00fcm \u00e7e\u015fitleri \u00f6n plana \u00e7\u0131kar\u0131l\u0131yor.<\/span><\/li>\n \t<li><strong><span dir=\"auto\" style=\"vertical-align: inherit;\">Uygulamal\u0131 Deneyim<\/span><\/strong><span dir=\"auto\" style=\"vertical-align: inherit;\"> &#8211; Kendi kreasyonlar\u0131n\u0131z\u0131 haz\u0131rlay\u0131n, kar\u0131\u015ft\u0131r\u0131n ve tad\u0131n.<\/span><\/li>\n \t<li><strong><span dir=\"auto\" style=\"vertical-align: inherit;\">K\u00fclt\u00fcrel Hikaye Anlat\u0131m\u0131<\/span><\/strong><span dir=\"auto\" style=\"vertical-align: inherit;\"> &#8211; Kapadokya&#8217;n\u0131n \u015farap k\u00fclt\u00fcr\u00fcn\u00fcn b\u00fcy\u00fcleyici tarihini \u00f6\u011frenin.<\/span><\/li>\n<\/ul>\n\n<hr \/>\n\n<h3><strong><span dir=\"auto\" style=\"vertical-align: inherit;\">Deneyim: Ad\u0131m Ad\u0131m<\/span><\/strong><\/h3>\n<h4><strong><span dir=\"auto\" style=\"vertical-align: inherit;\">1. Vineyard Welcome<\/span><\/strong><\/h4>\n<span dir=\"auto\" style=\"vertical-align: inherit;\">Yolculu\u011funuz , Kapadokya vadilerinin ve peri bacalar\u0131n\u0131n nefes kesen manzaralar\u0131n\u0131n keyfini \u00e7\u0131karaca\u011f\u0131n\u0131z <\/span><strong><span dir=\"auto\" style=\"vertical-align: inherit;\">Zemi Hotel Cappadocia&#8217;n\u0131n ba\u011flar\u0131nda<\/span><\/strong><span dir=\"auto\" style=\"vertical-align: inherit;\"> s\u0131cak bir kar\u015f\u0131lamayla ba\u015flayacak. Ev sahiplerimiz , volkanik topraklar\u0131n ve e\u015fsiz mikro iklimlerin Kapadokya \u015faraplar\u0131na nas\u0131l \u00f6zg\u00fcn bir tat verdi\u011fini a\u00e7\u0131klayarak, b\u00f6lgenin <\/span><strong><span dir=\"auto\" style=\"vertical-align: inherit;\">\u015farap miras\u0131n\u0131 size tan\u0131tacak.<\/span><\/strong>\n<h4><strong><span dir=\"auto\" style=\"vertical-align: inherit;\">2. \u015earap Tad\u0131m\u0131 Giri\u015f<\/span><\/strong><\/h4>\n<span dir=\"auto\" style=\"vertical-align: inherit;\">Kokteyl haz\u0131rlamadan \u00f6nce konuklara <\/span><strong><span dir=\"auto\" style=\"vertical-align: inherit;\">rehberli bir \u015farap tad\u0131m seans\u0131 d\u00fczenleniyor. <\/span><\/strong><strong><span dir=\"auto\" style=\"vertical-align: inherit;\">Emir (beyaz \u00fcz\u00fcm)<\/span><\/strong><span dir=\"auto\" style=\"vertical-align: inherit;\"> , <\/span><strong><span dir=\"auto\" style=\"vertical-align: inherit;\">Kalecik Karas\u0131 (k\u0131rm\u0131z\u0131 \u00fcz\u00fcm)<\/span><\/strong><span dir=\"auto\" style=\"vertical-align: inherit;\"> ve <\/span><strong><span dir=\"auto\" style=\"vertical-align: inherit;\">Bo\u011fazkere<\/span><\/strong><span dir=\"auto\" style=\"vertical-align: inherit;\"> gibi yerel \u015farap \u00e7e\u015fitleri tad\u0131l\u0131yor. Sommelier, her bir \u00fcz\u00fcm\u00fcn Kapadokya&#8217;n\u0131n topraklar\u0131n\u0131 nas\u0131l yans\u0131tt\u0131\u011f\u0131n\u0131 a\u00e7\u0131klayarak, kat\u0131l\u0131mc\u0131lar\u0131n kokteyllerinin temelini olu\u015fturacak tatlar\u0131 anlamalar\u0131na yard\u0131mc\u0131 oluyor.<\/span>\n<h4><strong><span dir=\"auto\" style=\"vertical-align: inherit;\">3. Kokteyl At\u00f6lyesi<\/span><\/strong><\/h4>\n<span dir=\"auto\" style=\"vertical-align: inherit;\">\u015eimdi uygulamal\u0131 k\u0131sma ge\u00e7iyoruz. Profesyonel miksologlar\u0131m\u0131z\u0131n rehberli\u011finde \u015funlar\u0131 yapacaks\u0131n\u0131z:<\/span>\n<ul>\n \t<li><span dir=\"auto\" style=\"vertical-align: inherit;\">Kokteyl dengesinin temellerini (tatl\u0131l\u0131k, asidite, ac\u0131l\u0131k) \u00f6\u011frenin.<\/span><\/li>\n \t<li><span dir=\"auto\" style=\"vertical-align: inherit;\">Kapadokya \u015faraplar\u0131n\u0131 yerel otlar, baharatlar ve meyvelerle nas\u0131l e\u015fle\u015ftirece\u011finizi ke\u015ffedin.<\/span><\/li>\n \t<li><strong><span dir=\"auto\" style=\"vertical-align: inherit;\">Ana malzemesi Kapadokya \u015farab\u0131<\/span><\/strong><span dir=\"auto\" style=\"vertical-align: inherit;\"> olan 3-4 adet \u00f6zel kokteyl haz\u0131rlay\u0131n .<\/span><span dir=\"auto\" style=\"vertical-align: inherit;\">\u00d6rnekler \u015funlard\u0131r:<\/span><\/li>\n \t<li><strong><span dir=\"auto\" style=\"vertical-align: inherit;\">Kapadokya K\u0131rm\u0131z\u0131 Sangria<\/span><\/strong><span dir=\"auto\" style=\"vertical-align: inherit;\"> &#8211; Nar ve tar\u00e7\u0131nl\u0131 Kalecik Karas\u0131 \u015farab\u0131.<\/span><\/li>\n \t<li><strong><span dir=\"auto\" style=\"vertical-align: inherit;\">Anadolu Spritz<\/span><\/strong><span dir=\"auto\" style=\"vertical-align: inherit;\"> &#8211; Emir \u015farab\u0131, yerel kay\u0131s\u0131 lik\u00f6r\u00fc ve maden suyu.<\/span><\/li>\n \t<li><strong><span dir=\"auto\" style=\"vertical-align: inherit;\">Zemi Vineyard Kokteyli<\/span><\/strong><span dir=\"auto\" style=\"vertical-align: inherit;\"> &#8211; bah\u00e7emizden toplad\u0131\u011f\u0131m\u0131z beyaz \u015farap, bal ve taze otlar\u0131n harmanland\u0131\u011f\u0131 \u00f6zel bir kokteyl.<\/span><\/li>\n<\/ul>\n<h4><strong><span dir=\"auto\" style=\"vertical-align: inherit;\">4. Yiyecek E\u015fle\u015ftirme<\/span><\/strong><\/h4>\n<span dir=\"auto\" style=\"vertical-align: inherit;\">Her kokteyl, Anadolu mutfa\u011f\u0131ndan ilham alan hafif mezelerle &#8211; peynirler, kuru meyveler, kuruyemi\u015fler ve mezeler &#8211; e\u015fle\u015ftiriliyor. Bu e\u015fle\u015ftirme, kokteyllerin ve \u015faraplar\u0131n yemeklerle nas\u0131l etkile\u015fime girdi\u011fini vurgulayarak eksiksiz bir gastronomi deneyimi yarat\u0131yor.<\/span>\n<h4><strong><span dir=\"auto\" style=\"vertical-align: inherit;\">5. Rahatlay\u0131n ve Keyfini \u00c7\u0131kar\u0131n<\/span><\/strong><\/h4>\n<span dir=\"auto\" style=\"vertical-align: inherit;\">At\u00f6lye, \u00fcz\u00fcm ba\u011f\u0131nda dinlendirici bir g\u00fcn bat\u0131m\u0131 seans\u0131yla sona eriyor. Konuklar, panoramik manzaran\u0131n keyfini \u00e7\u0131kar\u0131rken kendi yarat\u0131mlar\u0131n\u0131 yudumlayabilir, bu da bunu sadece bir ders de\u011fil, ayn\u0131 zamanda <\/span><strong><span dir=\"auto\" style=\"vertical-align: inherit;\">l\u00fcks bir ya\u015fam tarz\u0131 deneyimi<\/span><\/strong><span dir=\"auto\" style=\"vertical-align: inherit;\"> haline getirir .<\/span>\n\n<hr \/>\n\n<h3><strong><span dir=\"auto\" style=\"vertical-align: inherit;\">Kimler Kat\u0131labilir?<\/span><\/strong><\/h3>\n<strong><span dir=\"auto\" style=\"vertical-align: inherit;\">Kapadokya&#8217;daki Kokteyl Derslerimiz<\/span><\/strong><span dir=\"auto\" style=\"vertical-align: inherit;\"> herkese y\u00f6neliktir:<\/span>\n<ul>\n \t<li><span dir=\"auto\" style=\"vertical-align: inherit;\">Romantik bir ba\u011f deneyimi arayan \u00e7iftler.<\/span><\/li>\n \t<li><span dir=\"auto\" style=\"vertical-align: inherit;\">E\u011flenceli, etkile\u015fimli bir aktivite arayan arkada\u015f gruplar\u0131.<\/span><\/li>\n \t<li><span dir=\"auto\" style=\"vertical-align: inherit;\">K\u00fclt\u00fcrel bir ortamda yeni insanlarla tan\u0131\u015fmak isteyen yaln\u0131z gezginler.<\/span><\/li>\n \t<li><span dir=\"auto\" style=\"vertical-align: inherit;\">Yarat\u0131c\u0131 ekip olu\u015fturma aktiviteleri arayan kurumsal ekipler.<\/span><\/li>\n<\/ul>\n<span dir=\"auto\" style=\"vertical-align: inherit;\">Herhangi bir \u00f6n deneyime ihtiyac\u0131n\u0131z yok. Tek ihtiyac\u0131n\u0131z olan merak ve \u015farap sevgisi!<\/span>\n\n<hr \/>\n\n<h3><strong><span dir=\"auto\" style=\"vertical-align: inherit;\">Neden \u015earap Bazl\u0131 Kokteyller?<\/span><\/strong><\/h3>\n<span dir=\"auto\" style=\"vertical-align: inherit;\">Kapadokya, d\u00fcnyan\u0131n en eski \u015farap \u00fcretim b\u00f6lgelerinden biridir. <\/span><strong><span dir=\"auto\" style=\"vertical-align: inherit;\">Kokteyllerimize yerel \u015faraplar\u0131<\/span><\/strong><span dir=\"auto\" style=\"vertical-align: inherit;\"> dahil ederek geleneklere sayg\u0131 g\u00f6sterirken ayn\u0131 zamanda yenili\u011fi de benimsiyoruz. \u015earap kokteylleri daha hafif, daha ferah ve yaz ak\u015famlar\u0131 i\u00e7in m\u00fckemmeldir. Ayr\u0131ca Kapadokya&#8217;n\u0131n <\/span><strong><span dir=\"auto\" style=\"vertical-align: inherit;\">\u00f6zg\u00fcn \u00fcz\u00fcm \u00e7e\u015fitlerini<\/span><\/strong><span dir=\"auto\" style=\"vertical-align: inherit;\"> \u00f6ne \u00e7\u0131kararak her i\u00e7ece\u011fi bir k\u00fclt\u00fcr ve co\u011frafya \u00f6yk\u00fcs\u00fcne d\u00f6n\u00fc\u015ft\u00fcr\u00fcyoruz.<\/span>\n\n<hr \/>\n\n<h3><strong><span dir=\"auto\" style=\"vertical-align: inherit;\">Zemi Hotel&#8217;de Kokteyl Derslerine Kat\u0131lman\u0131n Faydalar\u0131<\/span><\/strong><\/h3>\n<ul>\n \t<li><strong><span dir=\"auto\" style=\"vertical-align: inherit;\">Yeni Beceriler \u00d6\u011frenin<\/span><\/strong><span dir=\"auto\" style=\"vertical-align: inherit;\"> &#8211; Eve g\u00f6t\u00fcrebilece\u011finiz kokteyl tarifleri ve teknikleri.<\/span><\/li>\n \t<li><strong><span dir=\"auto\" style=\"vertical-align: inherit;\">K\u00fclt\u00fcrel Dal\u0131\u015f<\/span><\/strong><span dir=\"auto\" style=\"vertical-align: inherit;\"> &#8211; Kapadokya&#8217;y\u0131 \u015faraplar\u0131 ve lezzetleriyle ke\u015ffedin.<\/span><\/li>\n \t<li><strong><span dir=\"auto\" style=\"vertical-align: inherit;\">\u00d6zel Atmosfer<\/span><\/strong><span dir=\"auto\" style=\"vertical-align: inherit;\"> &#8211; \u00d6zel ba\u011f ortam\u0131 l\u00fcks bir deneyim yarat\u0131r.<\/span><\/li>\n \t<li><strong><span dir=\"auto\" style=\"vertical-align: inherit;\">Unutulmaz Anlar<\/span><\/strong><span dir=\"auto\" style=\"vertical-align: inherit;\"> &#8211; Balay\u0131, y\u0131ld\u00f6n\u00fcmleri ve \u00f6zel kutlamalar i\u00e7in m\u00fckemmel.<\/span><\/li>\n \t<li><strong><span dir=\"auto\" style=\"vertical-align: inherit;\">Instagram&#8217;a Lay\u0131k Bir Deneyim<\/span><\/strong><span dir=\"auto\" style=\"vertical-align: inherit;\"> &#8211; ba\u011f manzaralar\u0131, zarif kokteyller ve \u015f\u0131k sunumlar.<\/span><\/li>\n<\/ul>\n<h3><strong><span dir=\"auto\" style=\"vertical-align: inherit;\">Kokteyl ve \u015earap Dersleri Hakk\u0131nda SSS<\/span><\/strong><\/h3>\n<strong><span dir=\"auto\" style=\"vertical-align: inherit;\">1. Kokteyl dersleri nerede yap\u0131l\u0131yor?<\/span><\/strong>\n\n<span dir=\"auto\" style=\"vertical-align: inherit;\">T\u00fcm dersler, Zemi Hotel Cappadocia&#8217;n\u0131n \u00f6zel ba\u011f\u0131nda, do\u011fayla ve Kapadokya&#8217;n\u0131n e\u015fsiz manzaras\u0131yla i\u00e7 i\u00e7e ger\u00e7ekle\u015fmektedir.<\/span>\n\n<strong><span dir=\"auto\" style=\"vertical-align: inherit;\">2. Kat\u0131lmak i\u00e7in deneyime ihtiyac\u0131m var m\u0131?<\/span><\/strong>\n\n<span dir=\"auto\" style=\"vertical-align: inherit;\">Hay\u0131r, derslerimiz yeni ba\u015flayanlara uygundur. Profesyonel miksologlar her ad\u0131mda size rehberlik eder.<\/span>\n\n<strong><span dir=\"auto\" style=\"vertical-align: inherit;\">3. Yerel \u015faraplar dahil mi?<\/span><\/strong>\n\n<span dir=\"auto\" style=\"vertical-align: inherit;\">Evet, t\u00fcm \u015farap tad\u0131mlar\u0131 ve kokteyller orijinal Kapadokya \u015faraplar\u0131 kullan\u0131larak haz\u0131rlanmaktad\u0131r.<\/span>\n\n<strong><span dir=\"auto\" style=\"vertical-align: inherit;\">4. Ders ne kadar s\u00fcr\u00fcyor?<\/span><\/strong>\n\n<span dir=\"auto\" style=\"vertical-align: inherit;\">Her ders yakla\u015f\u0131k 2,5-3 saat s\u00fcr\u00fcyor ve \u015farap tad\u0131m\u0131, kokteyl yap\u0131m\u0131 ve yiyecek e\u015fle\u015ftirme gibi konular\u0131 kaps\u0131yor.<\/span>\n\n<strong><span dir=\"auto\" style=\"vertical-align: inherit;\">5. \u00d6zel seans rezervasyonu yapabilir miyiz?<\/span><\/strong>\n\n<span dir=\"auto\" style=\"vertical-align: inherit;\">Evet &#8211; \u00e7iftler, gruplar veya etkinlikler i\u00e7in \u00f6zel ve \u00f6zelle\u015ftirilmi\u015f kokteyl at\u00f6lyeleri d\u00fczenlenebilir.<\/span>\n\n<strong><span dir=\"auto\" style=\"vertical-align: inherit;\">6. Yemek dahil mi?<\/span><\/strong>\n\n<span dir=\"auto\" style=\"vertical-align: inherit;\">Evet &#8211; Ders s\u0131ras\u0131nda i\u00e7eceklerin yan\u0131nda hafif mezeler ve y\u00f6resel mezeler servis edilecektir.<\/span>\n\n<strong><span dir=\"auto\" style=\"vertical-align: inherit;\">7. Dersler hangi dillerde veriliyor?<\/span><\/strong>\n\n<span dir=\"auto\" style=\"vertical-align: inherit;\">Dersler profesyonel miksologlar taraf\u0131ndan \u0130ngilizce olarak verilmektedir. Talep \u00fczerine T\u00fcrk\u00e7e se\u00e7enekleri de ayarlanabilir.<\/span>\n\n<strong><span dir=\"auto\" style=\"vertical-align: inherit;\">8. Nas\u0131l rezervasyon yapabilirim?<\/span><\/strong>\n\n<strong><span dir=\"auto\" style=\"vertical-align: inherit;\">Rezervasyonlar\u0131n\u0131z\u0131 zemihotelcappadocia.com<\/span><\/strong><span dir=\"auto\" style=\"vertical-align: inherit;\"> \u00fczerinden do\u011frudan veya resepsiyon ekibimizle ileti\u015fime ge\u00e7erek yapabilirsiniz .<\/span>\n\n<hr \/>\n\n<h3><strong><span dir=\"auto\" style=\"vertical-align: inherit;\">Kapadokya&#8217;da Mutlaka Yap\u0131lmas\u0131 Gereken Bir Deneyim<\/span><\/strong><\/h3>\n<span dir=\"auto\" style=\"vertical-align: inherit;\">Zemi Hotel Cappadocia&#8217;n\u0131n <\/span><strong><span dir=\"auto\" style=\"vertical-align: inherit;\">Kokteyl ve \u015earap Dersleri,<\/span><\/strong><span dir=\"auto\" style=\"vertical-align: inherit;\"> b\u00f6lgenin zengin \u015farap gelene\u011fini modern miksolojiyle birle\u015ftirerek k\u00fclt\u00fcr, lezzet ve zarafeti harmanlayan benzersiz bir etkinlik sunuyor. Bu, s\u0131radan bir at\u00f6lyeden \u00e7ok daha fazlas\u0131; Kapadokya miras\u0131n\u0131n, bir ba\u011f\u0131n dingin g\u00fczelli\u011finde kutland\u0131\u011f\u0131 bir etkinlik.<\/span>\n\n<span dir=\"auto\" style=\"vertical-align: inherit;\">Balay\u0131, romantik bir ka\u00e7amak veya sadece Kapadokya&#8217;da yap\u0131lacak en iyi \u015feyleri mi ar\u0131yorsunuz? Bu deneyim, \u00f6m\u00fcr boyu s\u00fcrecek an\u0131lar sunuyor. Kadehinizi kald\u0131r\u0131n, kendi kar\u0131\u015f\u0131m\u0131n\u0131z\u0131 haz\u0131rlay\u0131n ve her yudumda Kapadokya ruhunu ke\u015ffedin.<\/span>\t\t\t\t\t\t\t\t<\/div>\n\t\t\t\t<\/div>\n\t\t\t\t<div class=\"elementor-element elementor-element-d4e0c4e elementor-widget elementor-widget-image\" data-id=\"d4e0c4e\" data-element_type=\"widget\" data-widget_type=\"image.default\">\n\t\t\t\t<div class=\"elementor-widget-container\">\n\t\t\t\t\t\t\t\t\t\t\t\t\t\t\t<img fetchpriority=\"high\" decoding=\"async\" width=\"768\" height=\"510\" src=\"https:\/\/zemihotelcappadocia.com\/wp-content\/uploads\/2025\/09\/Zemi-Hotel-Garden-768x510.jpg\" class=\"attachment-medium_large size-medium_large wp-image-2452\" alt=\"\" srcset=\"https:\/\/zemihotelcappadocia.com\/wp-content\/uploads\/2025\/09\/Zemi-Hotel-Garden-768x510.jpg 768w, https:\/\/zemihotelcappadocia.com\/wp-content\/uploads\/2025\/09\/Zemi-Hotel-Garden-300x199.jpg 300w, https:\/\/zemihotelcappadocia.com\/wp-content\/uploads\/2025\/09\/Zemi-Hotel-Garden-1024x680.jpg 1024w, https:\/\/zemihotelcappadocia.com\/wp-content\/uploads\/2025\/09\/Zemi-Hotel-Garden.jpg 1200w\" sizes=\"(max-width: 768px) 100vw, 768px\" \/>\t\t\t\t\t\t\t\t\t\t\t\t\t\t\t<\/div>\n\t\t\t\t<\/div>\n\t\t\t\t\t<\/div>\n\t\t\t\t<\/div>\n\t\t\t\t<\/div>\n\t\t","protected":false},"excerpt":{"rendered":"<p>\u015earap, K\u00fclt\u00fcr ve Yarat\u0131c\u0131l\u0131\u011f\u0131n Benzersiz Bir Kar\u0131\u015f\u0131m\u0131 Kapadokya&#8217;n\u0131n kalbinde, ger\u00e7ek\u00fcst\u00fc manzaralar ve kadim geleneklerle \u00e7evrili Zemi Hotel Cappadocia, \u00f6zel ba\u011f\u0131nda miksoloji ve \u015farap\u00e7\u0131l\u0131k sanat\u0131n\u0131 deneyimlemek i\u00e7in e\u015fsiz bir f\u0131rsat sunuyor. Kapadokya&#8217;daki Kokteyl Derslerimiz, s\u0131radan bir dersten \u00e7ok daha fazlas\u0131d\u0131r; yerel \u00fcz\u00fcm \u00e7e\u015fitlerine ve Kapadokya \u015farap geleneklerine \u00f6zel bir vurgu yaparak, Anadolu lezzetlerine s\u00fcr\u00fckleyici bir yolculuktur [&hellip;]<\/p>\n","protected":false},"author":3,"featured_media":0,"parent":0,"menu_order":0,"comment_status":"closed","ping_status":"closed","template":"","meta":{"inline_featured_image":false,"_joinchat":[],"footnotes":""},"class_list":["post-2451","page","type-page","status-publish","hentry"],"_links":{"self":[{"href":"https:\/\/zemihotelcappadocia.com\/tr\/wp-json\/wp\/v2\/pages\/2451","targetHints":{"allow":["GET"]}}],"collection":[{"href":"https:\/\/zemihotelcappadocia.com\/tr\/wp-json\/wp\/v2\/pages"}],"about":[{"href":"https:\/\/zemihotelcappadocia.com\/tr\/wp-json\/wp\/v2\/types\/page"}],"author":[{"embeddable":true,"href":"https:\/\/zemihotelcappadocia.com\/tr\/wp-json\/wp\/v2\/users\/3"}],"replies":[{"embeddable":true,"href":"https:\/\/zemihotelcappadocia.com\/tr\/wp-json\/wp\/v2\/comments?post=2451"}],"version-history":[{"count":3,"href":"https:\/\/zemihotelcappadocia.com\/tr\/wp-json\/wp\/v2\/pages\/2451\/revisions"}],"predecessor-version":[{"id":2457,"href":"https:\/\/zemihotelcappadocia.com\/tr\/wp-json\/wp\/v2\/pages\/2451\/revisions\/2457"}],"wp:attachment":[{"href":"https:\/\/zemihotelcappadocia.com\/tr\/wp-json\/wp\/v2\/media?parent=2451"}],"curies":[{"name":"wp","href":"https:\/\/api.w.org\/{rel}","templated":true}]}}