{"id":2657,"date":"2026-04-05T21:02:57","date_gmt":"2026-04-05T21:02:57","guid":{"rendered":"https:\/\/zemihotelcappadocia.com\/?page_id=2657"},"modified":"2026-04-05T21:29:53","modified_gmt":"2026-04-05T21:29:53","slug":"the-pub-by-zemi","status":"publish","type":"page","link":"https:\/\/zemihotelcappadocia.com\/tr\/the-pub-by-zemi\/","title":{"rendered":"The Pub By Zemi"},"content":{"rendered":"\t\t<div data-elementor-type=\"wp-page\" data-elementor-id=\"2657\" class=\"elementor elementor-2657\" data-elementor-post-type=\"page\">\n\t\t\t\t<div class=\"elementor-element elementor-element-a80e085 e-flex e-con-boxed e-con e-parent\" data-id=\"a80e085\" data-element_type=\"container\">\n\t\t\t\t\t<div class=\"e-con-inner\">\n\t\t\t\t<div class=\"elementor-element elementor-element-39b82a81 elementor-widget elementor-widget-text-editor\" data-id=\"39b82a81\" data-element_type=\"widget\" data-widget_type=\"text-editor.default\">\n\t\t\t\t<div class=\"elementor-widget-container\">\n\t\t\t\t\t\t\t\t\t<h2 class=\"text-text-100 mt-3 -mb-1 text-[1.375rem] font-bold\">Kapadokya&#8217;n\u0131n Kalbinde Lezzet ve Keyif Bulu\u015fuyor<\/h2><p class=\"font-claude-response-body break-words whitespace-normal leading-[1.7]\">Kapadokya&#8217;da g\u00fcn\u00fcn yorgunlu\u011funu geride b\u0131rakaca\u011f\u0131n\u0131z, dostlar\u0131n\u0131zla unutulmaz sohbetlere dalaca\u011f\u0131n\u0131z bir mekan ar\u0131yorsan\u0131z, <strong>The Pub by Zemi<\/strong> tam size g\u00f6re. G\u00f6reme&#8217;nin e\u015fsiz do\u011fas\u0131 i\u00e7inde, <a href=\"https:\/\/zemihotelcappadocia.com\/tr\/zemi-hotel-kapadokya\/\">Zemi Hotel<\/a> b\u00fcnyesinde hizmet veren mekan\u0131m\u0131z, modern pub k\u00fclt\u00fcr\u00fcn\u00fc gurme mutfakla bulu\u015fturan \u00f6zg\u00fcn bir deneyim sunuyor.<\/p><h2 class=\"text-text-100 mt-3 -mb-1 text-[1.125rem] font-bold\">Zengin Men\u00fc: Klasik Pub Lezzetlerinden \u0130mza Tabaklara<\/h2><p class=\"font-claude-response-body break-words whitespace-normal leading-[1.7]\">The Pub by Zemi&#8217;nin men\u00fcs\u00fc, her damak tad\u0131na hitap eden geni\u015f bir se\u00e7kiyle \u00f6ne \u00e7\u0131k\u0131yor.<\/p><p class=\"font-claude-response-body break-words whitespace-normal leading-[1.7]\"><strong>Gurme At\u0131\u015ft\u0131rmal\u0131klar ve \u015ei\u015fler<\/strong> \u2014 Kars Gravyeri, \u015eark\u00fcteri \u015ei\u015f, \u0130ncir-Ka\u015far Peynir \u015ei\u015f gibi \u00f6zg\u00fcn at\u0131\u015ft\u0131rmal\u0131k \u015fi\u015f se\u00e7enekleriyle keyifli sohbetlerinize lezzet kat\u0131n.<\/p><p class=\"font-claude-response-body break-words whitespace-normal leading-[1.7]\"><strong>Pub Favorileri<\/strong> \u2014 \u00c7\u0131t\u0131r Fish &amp; Chips, ac\u0131l\u0131 Buffalo Chicken Fingers ve kalabal\u0131k masalar\u0131n vazge\u00e7ilmezi olan zengin Bira Tabaklar\u0131 mekan\u0131n en \u00e7ok tercih edilen lezzetleri aras\u0131nda yer al\u0131yor.<\/p><p class=\"font-claude-response-body break-words whitespace-normal leading-[1.7]\"><strong>Burger ve Bagetler<\/strong> \u2014 150 graml\u0131k el yap\u0131m\u0131 k\u00f6ftelerle haz\u0131rlanan Cheeseburger&#8217;den \u0130zmir usul\u00fc Kokore\u00e7 Baget&#8217;e, bal\u0131kseverler i\u00e7in Bal\u0131k Kokore\u00e7&#8217;e kadar taze ve yarat\u0131c\u0131 se\u00e7enekler sizi bekliyor.<\/p><p class=\"font-claude-response-body break-words whitespace-normal leading-[1.7]\"><strong>\u0130talyan Esintisi<\/strong> \u2014 Penne All&#8217;Arrabbiata ve Spaghetti Bolognese gibi klasik \u0130talyan lezzetleriyle ak\u015fam\u0131n\u0131za farkl\u0131 bir dokunu\u015f ekleyin.<\/p><p><img fetchpriority=\"high\" decoding=\"async\" class=\" wp-image-2664 alignleft\" src=\"https:\/\/zemihotelcappadocia.com\/wp-content\/uploads\/2026\/04\/BKR05000.JPG-240x300.jpeg\" alt=\"\" width=\"230\" height=\"288\" srcset=\"https:\/\/zemihotelcappadocia.com\/wp-content\/uploads\/2026\/04\/BKR05000.JPG-240x300.jpeg 240w, https:\/\/zemihotelcappadocia.com\/wp-content\/uploads\/2026\/04\/BKR05000.JPG-819x1024.jpeg 819w, https:\/\/zemihotelcappadocia.com\/wp-content\/uploads\/2026\/04\/BKR05000.JPG-768x960.jpeg 768w, https:\/\/zemihotelcappadocia.com\/wp-content\/uploads\/2026\/04\/BKR05000.JPG-1229x1536.jpeg 1229w, https:\/\/zemihotelcappadocia.com\/wp-content\/uploads\/2026\/04\/BKR05000.JPG-1638x2048.jpeg 1638w, https:\/\/zemihotelcappadocia.com\/wp-content\/uploads\/2026\/04\/BKR05000.JPG-scaled.jpeg 2048w\" sizes=\"(max-width: 230px) 100vw, 230px\" \/> <img decoding=\"async\" class=\" wp-image-2662 alignleft\" src=\"https:\/\/zemihotelcappadocia.com\/wp-content\/uploads\/2026\/04\/BKR04999.JPG-240x300.jpeg\" alt=\"\" width=\"230\" height=\"288\" srcset=\"https:\/\/zemihotelcappadocia.com\/wp-content\/uploads\/2026\/04\/BKR04999.JPG-240x300.jpeg 240w, https:\/\/zemihotelcappadocia.com\/wp-content\/uploads\/2026\/04\/BKR04999.JPG-819x1024.jpeg 819w, https:\/\/zemihotelcappadocia.com\/wp-content\/uploads\/2026\/04\/BKR04999.JPG-768x960.jpeg 768w, https:\/\/zemihotelcappadocia.com\/wp-content\/uploads\/2026\/04\/BKR04999.JPG-1229x1536.jpeg 1229w, https:\/\/zemihotelcappadocia.com\/wp-content\/uploads\/2026\/04\/BKR04999.JPG-1638x2048.jpeg 1638w, https:\/\/zemihotelcappadocia.com\/wp-content\/uploads\/2026\/04\/BKR04999.JPG-scaled.jpeg 2048w\" sizes=\"(max-width: 230px) 100vw, 230px\" \/> <img decoding=\"async\" class=\" wp-image-2660 alignleft\" src=\"https:\/\/zemihotelcappadocia.com\/wp-content\/uploads\/2026\/04\/MRTC0286.JPG-240x300.jpeg\" alt=\"\" width=\"231\" height=\"288\" srcset=\"https:\/\/zemihotelcappadocia.com\/wp-content\/uploads\/2026\/04\/MRTC0286.JPG-240x300.jpeg 240w, https:\/\/zemihotelcappadocia.com\/wp-content\/uploads\/2026\/04\/MRTC0286.JPG-819x1024.jpeg 819w, https:\/\/zemihotelcappadocia.com\/wp-content\/uploads\/2026\/04\/MRTC0286.JPG-768x960.jpeg 768w, https:\/\/zemihotelcappadocia.com\/wp-content\/uploads\/2026\/04\/MRTC0286.JPG-1229x1536.jpeg 1229w, https:\/\/zemihotelcappadocia.com\/wp-content\/uploads\/2026\/04\/MRTC0286.JPG-1638x2048.jpeg 1638w, https:\/\/zemihotelcappadocia.com\/wp-content\/uploads\/2026\/04\/MRTC0286.JPG-scaled.jpeg 2048w\" sizes=\"(max-width: 231px) 100vw, 231px\" \/><\/p><p><img loading=\"lazy\" decoding=\"async\" class=\"alignnone wp-image-2666 \" src=\"https:\/\/zemihotelcappadocia.com\/wp-content\/uploads\/2026\/04\/DJI_20260326181609_0020_D.JPG-240x300.jpeg\" alt=\"\" width=\"239\" height=\"298\" srcset=\"https:\/\/zemihotelcappadocia.com\/wp-content\/uploads\/2026\/04\/DJI_20260326181609_0020_D.JPG-240x300.jpeg 240w, https:\/\/zemihotelcappadocia.com\/wp-content\/uploads\/2026\/04\/DJI_20260326181609_0020_D.JPG-819x1024.jpeg 819w, https:\/\/zemihotelcappadocia.com\/wp-content\/uploads\/2026\/04\/DJI_20260326181609_0020_D.JPG-768x960.jpeg 768w, https:\/\/zemihotelcappadocia.com\/wp-content\/uploads\/2026\/04\/DJI_20260326181609_0020_D.JPG-1229x1536.jpeg 1229w, https:\/\/zemihotelcappadocia.com\/wp-content\/uploads\/2026\/04\/DJI_20260326181609_0020_D.JPG-1638x2048.jpeg 1638w, https:\/\/zemihotelcappadocia.com\/wp-content\/uploads\/2026\/04\/DJI_20260326181609_0020_D.JPG-scaled.jpeg 2048w\" sizes=\"(max-width: 239px) 100vw, 239px\" \/><\/p><h2 class=\"text-text-100 mt-3 -mb-1 text-[1.125rem] font-bold\">M\u00fczik ve Atmosfer<\/h2><p class=\"font-claude-response-body break-words whitespace-normal leading-[1.7]\">30 y\u0131l\u0131 a\u015fk\u0131n m\u00fczik birikimi ile haz\u0131rlanan \u00e7alma listeleri, 80&#8217;lerin unutulmaz klasiklerinden g\u00fcn\u00fcm\u00fcz hitlerine uzanan geni\u015f bir repertuarla mekan\u0131n atmosferini tamaml\u0131yor. Kaliteli m\u00fczik, \u00f6zenle haz\u0131rlanm\u0131\u015f i\u00e7ecek men\u00fcs\u00fc ve samimi hizmet anlay\u0131\u015f\u0131yla The Pub by Zemi, kendinizi evinizde hissedece\u011finiz bir ortam yarat\u0131yor.<\/p><p class=\"font-claude-response-body break-words whitespace-normal leading-[1.7]\"><img loading=\"lazy\" decoding=\"async\" class=\"alignnone size-medium wp-image-2670\" src=\"https:\/\/zemihotelcappadocia.com\/wp-content\/uploads\/2026\/04\/MRTC0271.JPG-240x300.jpeg\" alt=\"\" width=\"240\" height=\"300\" srcset=\"https:\/\/zemihotelcappadocia.com\/wp-content\/uploads\/2026\/04\/MRTC0271.JPG-240x300.jpeg 240w, https:\/\/zemihotelcappadocia.com\/wp-content\/uploads\/2026\/04\/MRTC0271.JPG-819x1024.jpeg 819w, https:\/\/zemihotelcappadocia.com\/wp-content\/uploads\/2026\/04\/MRTC0271.JPG-768x960.jpeg 768w, https:\/\/zemihotelcappadocia.com\/wp-content\/uploads\/2026\/04\/MRTC0271.JPG-1229x1536.jpeg 1229w, https:\/\/zemihotelcappadocia.com\/wp-content\/uploads\/2026\/04\/MRTC0271.JPG-1638x2048.jpeg 1638w, https:\/\/zemihotelcappadocia.com\/wp-content\/uploads\/2026\/04\/MRTC0271.JPG-scaled.jpeg 2048w\" sizes=\"(max-width: 240px) 100vw, 240px\" \/> <img loading=\"lazy\" decoding=\"async\" class=\"alignnone size-medium wp-image-2672\" src=\"https:\/\/zemihotelcappadocia.com\/wp-content\/uploads\/2026\/04\/BKR04985.JPG-240x300.jpeg\" alt=\"\" width=\"240\" height=\"300\" srcset=\"https:\/\/zemihotelcappadocia.com\/wp-content\/uploads\/2026\/04\/BKR04985.JPG-240x300.jpeg 240w, https:\/\/zemihotelcappadocia.com\/wp-content\/uploads\/2026\/04\/BKR04985.JPG-819x1024.jpeg 819w, https:\/\/zemihotelcappadocia.com\/wp-content\/uploads\/2026\/04\/BKR04985.JPG-768x960.jpeg 768w, https:\/\/zemihotelcappadocia.com\/wp-content\/uploads\/2026\/04\/BKR04985.JPG-1229x1536.jpeg 1229w, https:\/\/zemihotelcappadocia.com\/wp-content\/uploads\/2026\/04\/BKR04985.JPG-1638x2048.jpeg 1638w, https:\/\/zemihotelcappadocia.com\/wp-content\/uploads\/2026\/04\/BKR04985.JPG-scaled.jpeg 2048w\" sizes=\"(max-width: 240px) 100vw, 240px\" \/> <img loading=\"lazy\" decoding=\"async\" class=\"alignnone size-medium wp-image-2676\" src=\"https:\/\/zemihotelcappadocia.com\/wp-content\/uploads\/2026\/04\/BKR04990.JPG-240x300.jpeg\" alt=\"\" width=\"240\" height=\"300\" srcset=\"https:\/\/zemihotelcappadocia.com\/wp-content\/uploads\/2026\/04\/BKR04990.JPG-240x300.jpeg 240w, https:\/\/zemihotelcappadocia.com\/wp-content\/uploads\/2026\/04\/BKR04990.JPG-819x1024.jpeg 819w, https:\/\/zemihotelcappadocia.com\/wp-content\/uploads\/2026\/04\/BKR04990.JPG-768x960.jpeg 768w, https:\/\/zemihotelcappadocia.com\/wp-content\/uploads\/2026\/04\/BKR04990.JPG-1229x1536.jpeg 1229w, https:\/\/zemihotelcappadocia.com\/wp-content\/uploads\/2026\/04\/BKR04990.JPG-1638x2048.jpeg 1638w, https:\/\/zemihotelcappadocia.com\/wp-content\/uploads\/2026\/04\/BKR04990.JPG-scaled.jpeg 2048w\" sizes=\"(max-width: 240px) 100vw, 240px\" \/> <img loading=\"lazy\" decoding=\"async\" class=\"alignnone size-medium wp-image-2678\" src=\"https:\/\/zemihotelcappadocia.com\/wp-content\/uploads\/2026\/04\/MRTC0270.JPG-240x300.jpeg\" alt=\"\" width=\"240\" height=\"300\" srcset=\"https:\/\/zemihotelcappadocia.com\/wp-content\/uploads\/2026\/04\/MRTC0270.JPG-240x300.jpeg 240w, https:\/\/zemihotelcappadocia.com\/wp-content\/uploads\/2026\/04\/MRTC0270.JPG-819x1024.jpeg 819w, https:\/\/zemihotelcappadocia.com\/wp-content\/uploads\/2026\/04\/MRTC0270.JPG-768x960.jpeg 768w, https:\/\/zemihotelcappadocia.com\/wp-content\/uploads\/2026\/04\/MRTC0270.JPG-1229x1536.jpeg 1229w, https:\/\/zemihotelcappadocia.com\/wp-content\/uploads\/2026\/04\/MRTC0270.JPG-1638x2048.jpeg 1638w, https:\/\/zemihotelcappadocia.com\/wp-content\/uploads\/2026\/04\/MRTC0270.JPG-scaled.jpeg 2048w\" sizes=\"(max-width: 240px) 100vw, 240px\" \/> <img loading=\"lazy\" decoding=\"async\" class=\"alignnone size-medium wp-image-2680\" src=\"https:\/\/zemihotelcappadocia.com\/wp-content\/uploads\/2026\/04\/MRTC0214.JPG-200x300.jpeg\" alt=\"\" width=\"200\" height=\"300\" srcset=\"https:\/\/zemihotelcappadocia.com\/wp-content\/uploads\/2026\/04\/MRTC0214.JPG-200x300.jpeg 200w, https:\/\/zemihotelcappadocia.com\/wp-content\/uploads\/2026\/04\/MRTC0214.JPG-683x1024.jpeg 683w, https:\/\/zemihotelcappadocia.com\/wp-content\/uploads\/2026\/04\/MRTC0214.JPG-768x1152.jpeg 768w, https:\/\/zemihotelcappadocia.com\/wp-content\/uploads\/2026\/04\/MRTC0214.JPG-1024x1536.jpeg 1024w, https:\/\/zemihotelcappadocia.com\/wp-content\/uploads\/2026\/04\/MRTC0214.JPG-1365x2048.jpeg 1365w, https:\/\/zemihotelcappadocia.com\/wp-content\/uploads\/2026\/04\/MRTC0214.JPG-scaled.jpeg 1707w\" sizes=\"(max-width: 200px) 100vw, 200px\" \/><\/p><h2 class=\"text-text-100 mt-3 -mb-1 text-[1.125rem] font-bold\">Neden The Pub by Zemi?<\/h2><p class=\"font-claude-response-body break-words whitespace-normal leading-[1.7]\"><strong>\u00d6zg\u00fcn konsept<\/strong> \u2014 Kapadokya&#8217;da modern ve samimi bir &#8220;neighbourhood pub&#8221; deneyimi sunan nadir mekanlardan biri.<\/p><p class=\"font-claude-response-body break-words whitespace-normal leading-[1.7]\"><strong>Ula\u015f\u0131labilir gurme lezzetler<\/strong> \u2014 Kaliteli malzemelerle haz\u0131rlanan, her b\u00fct\u00e7eye uygun bir men\u00fc.<\/p><p class=\"font-claude-response-body break-words whitespace-normal leading-[1.7]\"><strong>E\u015fsiz konum<\/strong> \u2014 G\u00f6reme&#8217;nin merkezinde, Zemi Hotel&#8217;in huzurlu atmosferinde nezih ve ula\u015f\u0131m\u0131 kolay bir adres.<\/p><p class=\"font-claude-response-body break-words whitespace-normal leading-[1.7]\">\u0130ster ak\u015fam yeme\u011fi i\u00e7in ister geceye keyifli bir ba\u015flang\u0131\u00e7 yapmak i\u00e7in gelin \u2014 The Pub by Zemi&#8217;de her an bir kutlamaya d\u00f6n\u00fc\u015f\u00fcr.<\/p>\t\t\t\t\t\t\t\t<\/div>\n\t\t\t\t<\/div>\n\t\t\t\t\t<\/div>\n\t\t\t\t<\/div>\n\t\t\t\t<\/div>\n\t\t","protected":false},"excerpt":{"rendered":"<p>Kapadokya&#8217;n\u0131n Kalbinde Lezzet ve Keyif Bulu\u015fuyor Kapadokya&#8217;da g\u00fcn\u00fcn yorgunlu\u011funu geride b\u0131rakaca\u011f\u0131n\u0131z, dostlar\u0131n\u0131zla unutulmaz sohbetlere dalaca\u011f\u0131n\u0131z bir mekan ar\u0131yorsan\u0131z, The Pub by Zemi tam size g\u00f6re. G\u00f6reme&#8217;nin e\u015fsiz do\u011fas\u0131 i\u00e7inde, Zemi Hotel b\u00fcnyesinde hizmet veren mekan\u0131m\u0131z, modern pub k\u00fclt\u00fcr\u00fcn\u00fc gurme mutfakla bulu\u015fturan \u00f6zg\u00fcn bir deneyim sunuyor. Zengin Men\u00fc: Klasik Pub Lezzetlerinden \u0130mza Tabaklara The Pub by [&hellip;]<\/p>\n","protected":false},"author":3,"featured_media":2658,"parent":0,"menu_order":0,"comment_status":"closed","ping_status":"closed","template":"","meta":{"inline_featured_image":false,"_joinchat":[],"footnotes":""},"class_list":["post-2657","page","type-page","status-publish","has-post-thumbnail","hentry"],"_links":{"self":[{"href":"https:\/\/zemihotelcappadocia.com\/tr\/wp-json\/wp\/v2\/pages\/2657","targetHints":{"allow":["GET"]}}],"collection":[{"href":"https:\/\/zemihotelcappadocia.com\/tr\/wp-json\/wp\/v2\/pages"}],"about":[{"href":"https:\/\/zemihotelcappadocia.com\/tr\/wp-json\/wp\/v2\/types\/page"}],"author":[{"embeddable":true,"href":"https:\/\/zemihotelcappadocia.com\/tr\/wp-json\/wp\/v2\/users\/3"}],"replies":[{"embeddable":true,"href":"https:\/\/zemihotelcappadocia.com\/tr\/wp-json\/wp\/v2\/comments?post=2657"}],"version-history":[{"count":8,"href":"https:\/\/zemihotelcappadocia.com\/tr\/wp-json\/wp\/v2\/pages\/2657\/revisions"}],"predecessor-version":[{"id":2696,"href":"https:\/\/zemihotelcappadocia.com\/tr\/wp-json\/wp\/v2\/pages\/2657\/revisions\/2696"}],"wp:featuredmedia":[{"embeddable":true,"href":"https:\/\/zemihotelcappadocia.com\/tr\/wp-json\/wp\/v2\/media\/2658"}],"wp:attachment":[{"href":"https:\/\/zemihotelcappadocia.com\/tr\/wp-json\/wp\/v2\/media?parent=2657"}],"curies":[{"name":"wp","href":"https:\/\/api.w.org\/{rel}","templated":true}]}}