{"id":848,"date":"2024-12-26T12:24:45","date_gmt":"2024-12-26T12:24:45","guid":{"rendered":"https:\/\/zemihotelcappadocia.com\/spa-pool\/"},"modified":"2025-09-04T15:52:49","modified_gmt":"2025-09-04T15:52:49","slug":"spa-pool","status":"publish","type":"page","link":"https:\/\/zemihotelcappadocia.com\/tr\/spa-pool\/","title":{"rendered":"Spa &#038; Havuz"},"content":{"rendered":"\t\t<div data-elementor-type=\"wp-page\" data-elementor-id=\"848\" class=\"elementor elementor-848 elementor-424\" data-elementor-post-type=\"page\">\n\t\t\t\t<div class=\"elementor-element elementor-element-ed8b353 e-flex e-con-boxed e-con e-parent\" data-id=\"ed8b353\" data-element_type=\"container\" data-settings=\"{&quot;background_background&quot;:&quot;classic&quot;}\">\n\t\t\t\t\t<div class=\"e-con-inner\">\n\t\t\t\t\t<\/div>\n\t\t\t\t<\/div>\n\t\t<div class=\"elementor-element elementor-element-e5a0129 e-flex e-con-boxed e-con e-parent\" data-id=\"e5a0129\" data-element_type=\"container\">\n\t\t\t\t\t<div class=\"e-con-inner\">\n\t\t\t\t<div class=\"elementor-element elementor-element-a68da03 elementor-widget elementor-widget-heading\" data-id=\"a68da03\" data-element_type=\"widget\" data-widget_type=\"heading.default\">\n\t\t\t\t<div class=\"elementor-widget-container\">\n\t\t\t\t\t<h2 class=\"elementor-heading-title elementor-size-default\">Spa &#038; Havuz<\/h2>\t\t\t\t<\/div>\n\t\t\t\t<\/div>\n\t\t\t\t<div class=\"elementor-element elementor-element-7f0c2be elementor-widget elementor-widget-text-editor\" data-id=\"7f0c2be\" data-element_type=\"widget\" data-widget_type=\"text-editor.default\">\n\t\t\t\t<div class=\"elementor-widget-container\">\n\t\t\t\t\t\t\t\t\t<p>G\u00f6reme\u2019nin kalbi Zemi Hotel Spa\u2019ya Ho\u015fgeldiniz.<br \/>01 Eyl\u00fcl 2024 &#8211; 01 May\u0131s 2025 tarihleri aras\u0131nda havuzumuz kullan\u0131ma kapal\u0131d\u0131r.<br \/>Zemi Spa\u2019da: T\u00fcrk hamam\u0131, vip hamam\u0131, sauna, buhar odas\u0131, \u015fok du\u015fu, masaj odalar\u0131m\u0131zla sizleri a\u011f\u0131rlamaktan memnuniyet duyar\u0131z.<\/p><p><strong>PAKET PROGRAMLARI<\/strong><\/p><p><strong>GELENEKSEL OSMANLI PAKET\u0130 &#8230;&#8230;&#8230;&#8230;.\u20ac(70 dk.)<\/strong><br \/>Kese-K\u00f6p\u00fck Masaj\u0131 (30 dk.)<br \/>Osmanl\u0131 Masaj\u0131 (30 dk.)<br \/>Do\u011fal Kil Y\u00fcz Maskesi (10 dk.)<\/p><p><strong>KLEOPATRA TERAP\u0130\u00a0 PAKET\u0130 &#8230;&#8230;&#8230;&#8230;.\u20ac(95 dk.)<\/strong><br \/>Peeling &amp; Kese-K\u00f6p\u00fck Masaj\u0131\u00a0 (40 dk.)<br \/>Kleopatra Terapi Masaj\u0131\u00a0\u00a0 (45 dk.)<br \/>Do\u011fal Kil Y\u00fcz Maskesi (10 dk.)<\/p><p><strong>ZEM\u0130 M\u0130X PAKET\u0130 &#8230;&#8230;&#8230;&#8230;.\u20ac(90 dk.)<\/strong><br \/>Kese-K\u00f6p\u00fck Masaj\u0131\u00a0 (30 dk.)<br \/>Mix Masaj\u00a0 (50 dk.)<br \/>Y\u00fcz Masaj\u0131\u00a0 (10 dk.)<\/p><p><strong>GELENEKSEL OSMANLI MASAJI &#8230;&#8230;&#8230;&#8230;.\u20ac(30 dk.)\/&#8230;&#8230;&#8230;&#8230;.\u20ac(60 dk.)<\/strong><br \/>Geleneksel Osmanl\u0131 Masaj\u0131 kaslar\u0131 gev\u015fetmek ve stresi azaltarak derine inen kaslara y\u00f6nelik yap\u0131lan bir masajd\u0131r. Hafif ya da kuvvetli dokunu\u015flarla kan dola\u015f\u0131m\u0131n\u0131 h\u0131zland\u0131rarak bedenin rahatlamas\u0131na yard\u0131mc\u0131 olmaktad\u0131r.<\/p><p><strong>SULTAN MASAJI &#8230;&#8230;&#8230;&#8230;.\u20ac(45 dk.)<\/strong><br \/>Sultan Masaj\u0131 g\u00fcl bitkisinden elde edilen g\u00fcl ya\u011f\u0131yla uygulanan, nazik dokunu\u015flarla v\u00fccudu rahatlatarak,misler gibi g\u00fcl kokusuna doyamayaca\u011f\u0131n\u0131z bir masajd\u0131r.<\/p><p><strong>KLEOPATRA TERAP\u0130 MASAJI &#8230;&#8230;&#8230;&#8230;.\u20ac(60 dk.)<\/strong><br \/>Bitki \u00f6zlerinden elde edilen \u00f6zel aromatik ya\u011flarla uygulanan, ruhsal ve bedensel dinginli\u011fi sa\u011flayan nazik bir v\u00fccut masaj\u0131d\u0131r.<\/p><p><strong>AROMA TERAP\u0130 MASAJI &#8230;&#8230;&#8230;&#8230;.\u20ac(50 dk.)<\/strong><br \/>\u00d6zel aromatik ya\u011flarla uygulanarak v\u00fccudun dinlenmesine\u00a0 ve rahatlamas\u0131na yard\u0131mc\u0131 olan yumu\u015fak bir masajd\u0131r.<\/p><p><strong>MED\u0130KAL MASAJI &#8230;&#8230;&#8230;&#8230;.\u20ac(45 dk.)<\/strong><br \/>Fibromiyalji bel-boyun-s\u0131rt tutulmalar\u0131, eklem rahats\u0131zl\u0131klar\u0131 ve burkulmalar sonras\u0131 yap\u0131lacak olan masaj uygulamas\u0131 tedaviye y\u00f6nelik yap\u0131lan bir masajd\u0131r.<\/p><p><strong>SICAK TA\u015e MASAJI &#8230;&#8230;&#8230;&#8230;.\u20ac(60 dk.)<br \/><\/strong>S\u0131cak Ta\u015f Masaj\u0131 volkanik s\u0131cak ta\u015flarla birlikte kullan\u0131larak, stresi azaltmaya y\u00f6nelik ve derinlere k\u00f6k salm\u0131\u015f gerginli\u011fi azaltmay\u0131 hedeflemi\u015ftir. Kaslar\u0131n rahatlamas\u0131na ve kan ak\u0131\u015f\u0131n\u0131n artmas\u0131na yard\u0131mc\u0131 olmaktad\u0131r.<\/p><p><strong>REFLEKSOLOJ\u0130 MASAJI &#8230;&#8230;&#8230;&#8230;.\u20ac(60 dk.)<\/strong><br \/>\u00d6zel bir teknikle aya\u011f\u0131n alt\u0131ndaki refleks noktalar\u0131n\u0131 uyararak yap\u0131lan masaj\u0131n, rahatlamay\u0131 ve iyile\u015ftirmeye y\u00f6nelik \u00f6zelli\u011fi bulunmaktad\u0131r.<\/p><p><strong>ANT\u0130-STRESS MASAJI &#8230;&#8230;&#8230;&#8230;.\u20ac(45 dk.)<\/strong><br \/>T\u00fcm bedenin stresten uzakla\u015fmas\u0131na ve negatif enerjilerden ar\u0131narak bedenin yeni enerjiyle b\u00fct\u00fcnle\u015fmesine yard\u0131mc\u0131 olan bir masajd\u0131r.<\/p><p><strong>KESE VE K\u00d6P\u00dcK MASAJI &#8230;&#8230;&#8230;&#8230;.\u20ac(30 dk.)<\/strong><br \/>Kese ve k\u00f6p\u00fck uygulamas\u0131 b\u00fct\u00fcn v\u00fccudun keselenerek \u00f6l\u00fc derilerden ar\u0131nd\u0131r\u0131lmas\u0131 ile g\u00f6zeneklerin a\u00e7\u0131lmas\u0131na,do\u011fal sabun k\u00f6p\u00fc\u011f\u00fcyle s\u0131cak g\u00f6bek ta\u015f\u0131nda masaj yap\u0131larak v\u00fccuttaki zararl\u0131 toksinlerin at\u0131lmas\u0131na yard\u0131mc\u0131 olmaktad\u0131r.<\/p>\t\t\t\t\t\t\t\t<\/div>\n\t\t\t\t<\/div>\n\t\t\t\t<div class=\"elementor-element elementor-element-d2ced48 elementor-widget elementor-widget-gallery\" data-id=\"d2ced48\" data-element_type=\"widget\" data-settings=\"{&quot;columns&quot;:3,&quot;columns_mobile&quot;:2,&quot;lazyload&quot;:&quot;yes&quot;,&quot;gallery_layout&quot;:&quot;grid&quot;,&quot;columns_tablet&quot;:2,&quot;gap&quot;:{&quot;unit&quot;:&quot;px&quot;,&quot;size&quot;:10,&quot;sizes&quot;:[]},&quot;gap_tablet&quot;:{&quot;unit&quot;:&quot;px&quot;,&quot;size&quot;:10,&quot;sizes&quot;:[]},&quot;gap_mobile&quot;:{&quot;unit&quot;:&quot;px&quot;,&quot;size&quot;:10,&quot;sizes&quot;:[]},&quot;link_to&quot;:&quot;file&quot;,&quot;aspect_ratio&quot;:&quot;3:2&quot;,&quot;overlay_background&quot;:&quot;yes&quot;,&quot;content_hover_animation&quot;:&quot;fade-in&quot;}\" data-widget_type=\"gallery.default\">\n\t\t\t\t<div class=\"elementor-widget-container\">\n\t\t\t\t\t\t\t<div class=\"elementor-gallery__container\">\n\t\t\t\t\t\t\t<a class=\"e-gallery-item elementor-gallery-item elementor-animated-content\" href=\"https:\/\/zemihotelcappadocia.com\/wp-content\/uploads\/2024\/12\/3a6e075f-scaled.jpg\" data-elementor-open-lightbox=\"yes\" data-elementor-lightbox-slideshow=\"d2ced48\" data-elementor-lightbox-title=\"3a6e075f\" data-e-action-hash=\"#elementor-action%3Aaction%3Dlightbox%26settings%3DeyJpZCI6NDMyLCJ1cmwiOiJodHRwczpcL1wvemVtaWhvdGVsY2FwcGFkb2NpYS5jb21cL3dwLWNvbnRlbnRcL3VwbG9hZHNcLzIwMjRcLzEyXC8zYTZlMDc1Zi1zY2FsZWQuanBnIiwic2xpZGVzaG93IjoiZDJjZWQ0OCJ9\">\n\t\t\t\t\t<div class=\"e-gallery-image elementor-gallery-item__image\" data-thumbnail=\"https:\/\/zemihotelcappadocia.com\/wp-content\/uploads\/2024\/12\/3a6e075f-1024x680.jpg\" data-width=\"800\" data-height=\"531\" aria-label=\"\" role=\"img\" ><\/div>\n\t\t\t\t\t\t\t\t\t\t\t<div class=\"elementor-gallery-item__overlay\"><\/div>\n\t\t\t\t\t\t\t\t\t\t\t\t\t\t<\/a>\n\t\t\t\t\t\t\t<a class=\"e-gallery-item elementor-gallery-item elementor-animated-content\" href=\"https:\/\/zemihotelcappadocia.com\/wp-content\/uploads\/2024\/12\/b.jpg\" data-elementor-open-lightbox=\"yes\" data-elementor-lightbox-slideshow=\"d2ced48\" data-elementor-lightbox-title=\"default\" data-e-action-hash=\"#elementor-action%3Aaction%3Dlightbox%26settings%3DeyJpZCI6OTMsInVybCI6Imh0dHBzOlwvXC96ZW1paG90ZWxjYXBwYWRvY2lhLmNvbVwvd3AtY29udGVudFwvdXBsb2Fkc1wvMjAyNFwvMTJcL2IuanBnIiwic2xpZGVzaG93IjoiZDJjZWQ0OCJ9\">\n\t\t\t\t\t<div class=\"e-gallery-image elementor-gallery-item__image\" data-thumbnail=\"https:\/\/zemihotelcappadocia.com\/wp-content\/uploads\/2024\/12\/b-1024x767.jpg\" data-width=\"800\" data-height=\"599\" aria-label=\"\" role=\"img\" ><\/div>\n\t\t\t\t\t\t\t\t\t\t\t<div class=\"elementor-gallery-item__overlay\"><\/div>\n\t\t\t\t\t\t\t\t\t\t\t\t\t\t<\/a>\n\t\t\t\t\t\t\t<a class=\"e-gallery-item elementor-gallery-item elementor-animated-content\" href=\"https:\/\/zemihotelcappadocia.com\/wp-content\/uploads\/2024\/12\/9e99e7d1.jpg\" data-elementor-open-lightbox=\"yes\" data-elementor-lightbox-slideshow=\"d2ced48\" data-elementor-lightbox-title=\"9e99e7d1\" data-e-action-hash=\"#elementor-action%3Aaction%3Dlightbox%26settings%3DeyJpZCI6NDQwLCJ1cmwiOiJodHRwczpcL1wvemVtaWhvdGVsY2FwcGFkb2NpYS5jb21cL3dwLWNvbnRlbnRcL3VwbG9hZHNcLzIwMjRcLzEyXC85ZTk5ZTdkMS5qcGciLCJzbGlkZXNob3ciOiJkMmNlZDQ4In0%3D\">\n\t\t\t\t\t<div class=\"e-gallery-image elementor-gallery-item__image\" data-thumbnail=\"https:\/\/zemihotelcappadocia.com\/wp-content\/uploads\/2024\/12\/9e99e7d1-1024x685.jpg\" data-width=\"800\" data-height=\"535\" aria-label=\"\" role=\"img\" ><\/div>\n\t\t\t\t\t\t\t\t\t\t\t<div class=\"elementor-gallery-item__overlay\"><\/div>\n\t\t\t\t\t\t\t\t\t\t\t\t\t\t<\/a>\n\t\t\t\t\t<\/div>\n\t\t\t\t\t<\/div>\n\t\t\t\t<\/div>\n\t\t\t\t<div class=\"elementor-element elementor-element-3fee6e1 elementor-widget elementor-widget-text-editor\" data-id=\"3fee6e1\" data-element_type=\"widget\" data-widget_type=\"text-editor.default\">\n\t\t\t\t<div class=\"elementor-widget-container\">\n\t\t\t\t\t\t\t\t\t<p><strong>\u00c7ALI\u015eMA SAATLER\u0130 VE POL\u0130T\u0130KASI<\/strong><\/p><p><strong>ZEM\u0130 SPA<\/strong><br \/>10.00-22.00<\/p><p><strong>Havuz<\/strong><br \/>10.30-19.00<\/p><p><strong>Hamam, Sauna ve Buhar Odas\u0131<\/strong><br \/>10.00-22.00<\/p><p>Unutulmaz SPA Deneyimlerinize E\u015flik Etmek Dile\u011fiyle\u2026<\/p>\t\t\t\t\t\t\t\t<\/div>\n\t\t\t\t<\/div>\n\t\t\t\t\t<\/div>\n\t\t\t\t<\/div>\n\t\t\t\t<\/div>\n\t\t","protected":false},"excerpt":{"rendered":"<p>G\u00f6reme\u2019nin kalbi Zemi Hotel Spa\u2019ya Ho\u015fgeldiniz.01 Eyl\u00fcl 2024 &#8211; 01 May\u0131s 2025 tarihleri aras\u0131nda havuzumuz kullan\u0131ma kapal\u0131d\u0131r.Zemi Spa\u2019da: T\u00fcrk hamam\u0131, vip hamam\u0131, sauna, buhar odas\u0131, \u015fok du\u015fu, masaj odalar\u0131m\u0131zla sizleri a\u011f\u0131rlamaktan memnuniyet duyar\u0131z. PAKET PROGRAMLARI GELENEKSEL OSMANLI PAKET\u0130 &#8230;&#8230;&#8230;&#8230;.\u20ac(70 dk.)Kese-K\u00f6p\u00fck Masaj\u0131 (30 dk.)Osmanl\u0131 Masaj\u0131 (30 dk.)Do\u011fal Kil Y\u00fcz Maskesi (10 dk.) KLEOPATRA TERAP\u0130\u00a0 PAKET\u0130 &#8230;&#8230;&#8230;&#8230;.\u20ac(95 [&hellip;]<\/p>\n","protected":false},"author":1,"featured_media":0,"parent":0,"menu_order":0,"comment_status":"closed","ping_status":"closed","template":"","meta":{"inline_featured_image":false,"_joinchat":[],"footnotes":""},"class_list":["post-848","page","type-page","status-publish","hentry"],"_links":{"self":[{"href":"https:\/\/zemihotelcappadocia.com\/tr\/wp-json\/wp\/v2\/pages\/848","targetHints":{"allow":["GET"]}}],"collection":[{"href":"https:\/\/zemihotelcappadocia.com\/tr\/wp-json\/wp\/v2\/pages"}],"about":[{"href":"https:\/\/zemihotelcappadocia.com\/tr\/wp-json\/wp\/v2\/types\/page"}],"author":[{"embeddable":true,"href":"https:\/\/zemihotelcappadocia.com\/tr\/wp-json\/wp\/v2\/users\/1"}],"replies":[{"embeddable":true,"href":"https:\/\/zemihotelcappadocia.com\/tr\/wp-json\/wp\/v2\/comments?post=848"}],"version-history":[{"count":22,"href":"https:\/\/zemihotelcappadocia.com\/tr\/wp-json\/wp\/v2\/pages\/848\/revisions"}],"predecessor-version":[{"id":2162,"href":"https:\/\/zemihotelcappadocia.com\/tr\/wp-json\/wp\/v2\/pages\/848\/revisions\/2162"}],"wp:attachment":[{"href":"https:\/\/zemihotelcappadocia.com\/tr\/wp-json\/wp\/v2\/media?parent=848"}],"curies":[{"name":"wp","href":"https:\/\/api.w.org\/{rel}","templated":true}]}}