{"id":870,"date":"2024-12-26T12:13:40","date_gmt":"2024-12-26T12:13:40","guid":{"rendered":"https:\/\/zemihotelcappadocia.com\/restaurant\/"},"modified":"2025-09-04T15:36:23","modified_gmt":"2025-09-04T15:36:23","slug":"restaurant","status":"publish","type":"page","link":"https:\/\/zemihotelcappadocia.com\/tr\/restaurant\/","title":{"rendered":"Restaurant"},"content":{"rendered":"\t\t<div data-elementor-type=\"wp-page\" data-elementor-id=\"870\" class=\"elementor elementor-870 elementor-399\" data-elementor-post-type=\"page\">\n\t\t\t\t<div class=\"elementor-element elementor-element-7ab601a e-flex e-con-boxed e-con e-parent\" data-id=\"7ab601a\" data-element_type=\"container\" data-settings=\"{&quot;background_background&quot;:&quot;classic&quot;}\">\n\t\t\t\t\t<div class=\"e-con-inner\">\n\t\t\t\t\t<\/div>\n\t\t\t\t<\/div>\n\t\t<div class=\"elementor-element elementor-element-49e93f5 e-flex e-con-boxed e-con e-parent\" data-id=\"49e93f5\" data-element_type=\"container\">\n\t\t\t\t\t<div class=\"e-con-inner\">\n\t\t\t\t<div class=\"elementor-element elementor-element-af9d1c8 elementor-widget elementor-widget-heading\" data-id=\"af9d1c8\" data-element_type=\"widget\" data-widget_type=\"heading.default\">\n\t\t\t\t<div class=\"elementor-widget-container\">\n\t\t\t\t\t<h2 class=\"elementor-heading-title elementor-size-default\">Restaurant<\/h2>\t\t\t\t<\/div>\n\t\t\t\t<\/div>\n\t\t\t\t<div class=\"elementor-element elementor-element-4b75cec elementor-widget elementor-widget-text-editor\" data-id=\"4b75cec\" data-element_type=\"widget\" data-widget_type=\"text-editor.default\">\n\t\t\t\t<div class=\"elementor-widget-container\">\n\t\t\t\t\t\t\t\t\t<p>Kapadokya&#8217;da, Zemi Vadisi\u2019nin b\u00fcy\u00fcleyici atmosferinde yer alan restoran\u0131n\u0131z, do\u011fan\u0131n e\u015fsiz manzaras\u0131na kar\u015f\u0131 geleneksel lezzetleri sunan benzersiz bir deneyim sunuyor. Geni\u015f kapal\u0131 alanda misafirlerinize ferah bir ortamda yemek yeme imk\u00e2n\u0131 sa\u011fl\u0131yor.<\/p><p><strong>Restoran\u0131n\u0131z\u0131n \u00f6ne \u00e7\u0131kan \u00f6zellikleri:<\/strong><\/p><p><strong>Yerel Lezzetler:<\/strong> Kapadokya\u2019n\u0131n \u00fcnl\u00fc \u00e7\u00f6mlek kebab\u0131, tand\u0131r ve y\u00f6resel mezeleri, restoran\u0131n\u0131z\u0131n mutfa\u011f\u0131nda ustal\u0131kla haz\u0131rlan\u0131yor.<br \/><strong>Gurme Deneyimler:<\/strong> \u00d6zel \u015farap men\u00fcn\u00fcz, ba\u011flardan gelen taze \u00fcz\u00fcmlerle \u00fcretilen se\u00e7kin \u015faraplardan olu\u015fuyor.<br \/><strong>Do\u011fal Atmosfer:<\/strong> \u00dcz\u00fcm ba\u011flar\u0131 ve ta\u015f mimariyle harmanlanm\u0131\u015f otantik bir dekor.<br \/><strong>Unutulmaz G\u00fcn Bat\u0131m\u0131:<\/strong> Restoran\u0131n\u0131z, g\u00fcn bat\u0131m\u0131n\u0131n en g\u00fczel izlendi\u011fi noktalardan biri olarak misafirlerinize romantik bir deneyim sunuyor.<\/p><p>Ayr\u0131ca, etkinlikler ve \u00f6zel organizasyonlar i\u00e7in restoran alan\u0131n\u0131 misafirlerinize a\u00e7arak onlara unutulmaz bir atmosferde \u00f6zel anlar ya\u015fatma f\u0131rsat\u0131\u00a0sunuyor<\/p>\t\t\t\t\t\t\t\t<\/div>\n\t\t\t\t<\/div>\n\t\t\t\t<div class=\"elementor-element elementor-element-9aa6d4b elementor-widget elementor-widget-gallery\" data-id=\"9aa6d4b\" data-element_type=\"widget\" data-settings=\"{&quot;columns&quot;:3,&quot;columns_mobile&quot;:2,&quot;lazyload&quot;:&quot;yes&quot;,&quot;gallery_layout&quot;:&quot;grid&quot;,&quot;columns_tablet&quot;:2,&quot;gap&quot;:{&quot;unit&quot;:&quot;px&quot;,&quot;size&quot;:10,&quot;sizes&quot;:[]},&quot;gap_tablet&quot;:{&quot;unit&quot;:&quot;px&quot;,&quot;size&quot;:10,&quot;sizes&quot;:[]},&quot;gap_mobile&quot;:{&quot;unit&quot;:&quot;px&quot;,&quot;size&quot;:10,&quot;sizes&quot;:[]},&quot;link_to&quot;:&quot;file&quot;,&quot;aspect_ratio&quot;:&quot;3:2&quot;,&quot;overlay_background&quot;:&quot;yes&quot;,&quot;content_hover_animation&quot;:&quot;fade-in&quot;}\" data-widget_type=\"gallery.default\">\n\t\t\t\t<div class=\"elementor-widget-container\">\n\t\t\t\t\t\t\t<div class=\"elementor-gallery__container\">\n\t\t\t\t\t\t\t<a class=\"e-gallery-item elementor-gallery-item elementor-animated-content\" href=\"https:\/\/zemihotelcappadocia.com\/wp-content\/uploads\/2024\/12\/Restaurant-1.jpg\" data-elementor-open-lightbox=\"yes\" data-elementor-lightbox-slideshow=\"9aa6d4b\" data-elementor-lightbox-title=\"Restaurant (1)\" data-e-action-hash=\"#elementor-action%3Aaction%3Dlightbox%26settings%3DeyJpZCI6MTAyOCwidXJsIjoiaHR0cHM6XC9cL3plbWlob3RlbGNhcHBhZG9jaWEuY29tXC93cC1jb250ZW50XC91cGxvYWRzXC8yMDI0XC8xMlwvUmVzdGF1cmFudC0xLmpwZyIsInNsaWRlc2hvdyI6IjlhYTZkNGIifQ%3D%3D\">\n\t\t\t\t\t<div class=\"e-gallery-image elementor-gallery-item__image\" data-thumbnail=\"https:\/\/zemihotelcappadocia.com\/wp-content\/uploads\/2024\/12\/Restaurant-1-1024x767.jpg\" data-width=\"800\" data-height=\"599\" aria-label=\"\" role=\"img\" ><\/div>\n\t\t\t\t\t\t\t\t\t\t\t<div class=\"elementor-gallery-item__overlay\"><\/div>\n\t\t\t\t\t\t\t\t\t\t\t\t\t\t<\/a>\n\t\t\t\t\t\t\t<a class=\"e-gallery-item elementor-gallery-item elementor-animated-content\" href=\"https:\/\/zemihotelcappadocia.com\/wp-content\/uploads\/2024\/12\/Restaurant-2.jpg\" data-elementor-open-lightbox=\"yes\" data-elementor-lightbox-slideshow=\"9aa6d4b\" data-elementor-lightbox-title=\"Restaurant (2)\" data-e-action-hash=\"#elementor-action%3Aaction%3Dlightbox%26settings%3DeyJpZCI6MTAzMCwidXJsIjoiaHR0cHM6XC9cL3plbWlob3RlbGNhcHBhZG9jaWEuY29tXC93cC1jb250ZW50XC91cGxvYWRzXC8yMDI0XC8xMlwvUmVzdGF1cmFudC0yLmpwZyIsInNsaWRlc2hvdyI6IjlhYTZkNGIifQ%3D%3D\">\n\t\t\t\t\t<div class=\"e-gallery-image elementor-gallery-item__image\" data-thumbnail=\"https:\/\/zemihotelcappadocia.com\/wp-content\/uploads\/2024\/12\/Restaurant-2-1024x767.jpg\" data-width=\"800\" data-height=\"599\" aria-label=\"\" role=\"img\" ><\/div>\n\t\t\t\t\t\t\t\t\t\t\t<div class=\"elementor-gallery-item__overlay\"><\/div>\n\t\t\t\t\t\t\t\t\t\t\t\t\t\t<\/a>\n\t\t\t\t\t\t\t<a class=\"e-gallery-item elementor-gallery-item elementor-animated-content\" href=\"https:\/\/zemihotelcappadocia.com\/wp-content\/uploads\/2024\/12\/Restaurant-3.jpg\" data-elementor-open-lightbox=\"yes\" data-elementor-lightbox-slideshow=\"9aa6d4b\" data-elementor-lightbox-title=\"Restaurant (3)\" data-e-action-hash=\"#elementor-action%3Aaction%3Dlightbox%26settings%3DeyJpZCI6MTAzMiwidXJsIjoiaHR0cHM6XC9cL3plbWlob3RlbGNhcHBhZG9jaWEuY29tXC93cC1jb250ZW50XC91cGxvYWRzXC8yMDI0XC8xMlwvUmVzdGF1cmFudC0zLmpwZyIsInNsaWRlc2hvdyI6IjlhYTZkNGIifQ%3D%3D\">\n\t\t\t\t\t<div class=\"e-gallery-image elementor-gallery-item__image\" data-thumbnail=\"https:\/\/zemihotelcappadocia.com\/wp-content\/uploads\/2024\/12\/Restaurant-3-1024x767.jpg\" data-width=\"800\" data-height=\"599\" aria-label=\"\" role=\"img\" ><\/div>\n\t\t\t\t\t\t\t\t\t\t\t<div class=\"elementor-gallery-item__overlay\"><\/div>\n\t\t\t\t\t\t\t\t\t\t\t\t\t\t<\/a>\n\t\t\t\t\t\t\t<a class=\"e-gallery-item elementor-gallery-item elementor-animated-content\" href=\"https:\/\/zemihotelcappadocia.com\/wp-content\/uploads\/2024\/12\/Restaurant-4.jpg\" data-elementor-open-lightbox=\"yes\" data-elementor-lightbox-slideshow=\"9aa6d4b\" data-elementor-lightbox-title=\"Restaurant (4)\" data-e-action-hash=\"#elementor-action%3Aaction%3Dlightbox%26settings%3DeyJpZCI6MTAzNCwidXJsIjoiaHR0cHM6XC9cL3plbWlob3RlbGNhcHBhZG9jaWEuY29tXC93cC1jb250ZW50XC91cGxvYWRzXC8yMDI0XC8xMlwvUmVzdGF1cmFudC00LmpwZyIsInNsaWRlc2hvdyI6IjlhYTZkNGIifQ%3D%3D\">\n\t\t\t\t\t<div class=\"e-gallery-image elementor-gallery-item__image\" data-thumbnail=\"https:\/\/zemihotelcappadocia.com\/wp-content\/uploads\/2024\/12\/Restaurant-4-1024x767.jpg\" data-width=\"800\" data-height=\"599\" aria-label=\"\" role=\"img\" ><\/div>\n\t\t\t\t\t\t\t\t\t\t\t<div class=\"elementor-gallery-item__overlay\"><\/div>\n\t\t\t\t\t\t\t\t\t\t\t\t\t\t<\/a>\n\t\t\t\t\t\t\t<a class=\"e-gallery-item elementor-gallery-item elementor-animated-content\" href=\"https:\/\/zemihotelcappadocia.com\/wp-content\/uploads\/2024\/12\/Restaurant-5.jpg\" data-elementor-open-lightbox=\"yes\" data-elementor-lightbox-slideshow=\"9aa6d4b\" data-elementor-lightbox-title=\"Restaurant (5)\" data-e-action-hash=\"#elementor-action%3Aaction%3Dlightbox%26settings%3DeyJpZCI6MTAzNiwidXJsIjoiaHR0cHM6XC9cL3plbWlob3RlbGNhcHBhZG9jaWEuY29tXC93cC1jb250ZW50XC91cGxvYWRzXC8yMDI0XC8xMlwvUmVzdGF1cmFudC01LmpwZyIsInNsaWRlc2hvdyI6IjlhYTZkNGIifQ%3D%3D\">\n\t\t\t\t\t<div class=\"e-gallery-image elementor-gallery-item__image\" data-thumbnail=\"https:\/\/zemihotelcappadocia.com\/wp-content\/uploads\/2024\/12\/Restaurant-5-1024x767.jpg\" data-width=\"800\" data-height=\"599\" aria-label=\"\" role=\"img\" ><\/div>\n\t\t\t\t\t\t\t\t\t\t\t<div class=\"elementor-gallery-item__overlay\"><\/div>\n\t\t\t\t\t\t\t\t\t\t\t\t\t\t<\/a>\n\t\t\t\t\t<\/div>\n\t\t\t\t\t<\/div>\n\t\t\t\t<\/div>\n\t\t\t\t\t<\/div>\n\t\t\t\t<\/div>\n\t\t\t\t<\/div>\n\t\t","protected":false},"excerpt":{"rendered":"<p>Kapadokya&#8217;da, Zemi Vadisi\u2019nin b\u00fcy\u00fcleyici atmosferinde yer alan restoran\u0131n\u0131z, do\u011fan\u0131n e\u015fsiz manzaras\u0131na kar\u015f\u0131 geleneksel lezzetleri sunan benzersiz bir deneyim sunuyor. Geni\u015f kapal\u0131 alanda misafirlerinize ferah bir ortamda yemek yeme imk\u00e2n\u0131 sa\u011fl\u0131yor. Restoran\u0131n\u0131z\u0131n \u00f6ne \u00e7\u0131kan \u00f6zellikleri: Yerel Lezzetler: Kapadokya\u2019n\u0131n \u00fcnl\u00fc \u00e7\u00f6mlek kebab\u0131, tand\u0131r ve y\u00f6resel mezeleri, restoran\u0131n\u0131z\u0131n mutfa\u011f\u0131nda ustal\u0131kla haz\u0131rlan\u0131yor.Gurme Deneyimler: \u00d6zel \u015farap men\u00fcn\u00fcz, ba\u011flardan gelen taze [&hellip;]<\/p>\n","protected":false},"author":1,"featured_media":0,"parent":0,"menu_order":0,"comment_status":"closed","ping_status":"closed","template":"","meta":{"inline_featured_image":false,"_joinchat":[],"footnotes":""},"class_list":["post-870","page","type-page","status-publish","hentry"],"_links":{"self":[{"href":"https:\/\/zemihotelcappadocia.com\/tr\/wp-json\/wp\/v2\/pages\/870","targetHints":{"allow":["GET"]}}],"collection":[{"href":"https:\/\/zemihotelcappadocia.com\/tr\/wp-json\/wp\/v2\/pages"}],"about":[{"href":"https:\/\/zemihotelcappadocia.com\/tr\/wp-json\/wp\/v2\/types\/page"}],"author":[{"embeddable":true,"href":"https:\/\/zemihotelcappadocia.com\/tr\/wp-json\/wp\/v2\/users\/1"}],"replies":[{"embeddable":true,"href":"https:\/\/zemihotelcappadocia.com\/tr\/wp-json\/wp\/v2\/comments?post=870"}],"version-history":[{"count":10,"href":"https:\/\/zemihotelcappadocia.com\/tr\/wp-json\/wp\/v2\/pages\/870\/revisions"}],"predecessor-version":[{"id":2159,"href":"https:\/\/zemihotelcappadocia.com\/tr\/wp-json\/wp\/v2\/pages\/870\/revisions\/2159"}],"wp:attachment":[{"href":"https:\/\/zemihotelcappadocia.com\/tr\/wp-json\/wp\/v2\/media?parent=870"}],"curies":[{"name":"wp","href":"https:\/\/api.w.org\/{rel}","templated":true}]}}